{"id":5585,"date":"2025-04-27T17:22:49","date_gmt":"2025-04-27T16:22:49","guid":{"rendered":"https:\/\/cyroi.re\/?page_id=5585"},"modified":"2025-08-07T13:23:34","modified_gmt":"2025-08-07T12:23:34","slug":"pharmacovigilance","status":"publish","type":"page","link":"https:\/\/cyroi.re\/en\/pharmacovigilance\/","title":{"rendered":"Pharmacovigilance"},"content":{"rendered":"\t\t<div data-elementor-type=\"wp-page\" data-elementor-id=\"5585\" class=\"elementor elementor-5585\" data-elementor-post-type=\"page\">\n\t\t\t\t\t\t<section class=\"elementor-section elementor-top-section elementor-element elementor-element-32dd074 elementor-section-full_width elementor-section-height-min-height elementor-section-stretched elementor-section-height-default elementor-section-items-middle\" data-id=\"32dd074\" data-element_type=\"section\" data-settings=\"{&quot;stretch_section&quot;:&quot;section-stretched&quot;,&quot;background_background&quot;:&quot;classic&quot;}\">\n\t\t\t\t\t\t\t<div class=\"elementor-background-overlay\"><\/div>\n\t\t\t\t\t\t\t<div class=\"elementor-container elementor-column-gap-default\">\n\t\t\t\t\t<div class=\"elementor-column elementor-col-100 elementor-top-column elementor-element elementor-element-b997f06\" data-id=\"b997f06\" data-element_type=\"column\">\n\t\t\t<div class=\"elementor-widget-wrap elementor-element-populated\">\n\t\t\t\t\t\t<div class=\"elementor-element elementor-element-883b580 elementor-widget__width-initial elementor-widget elementor-widget-heading\" data-id=\"883b580\" data-element_type=\"widget\" data-widget_type=\"heading.default\">\n\t\t\t\t<div class=\"elementor-widget-container\">\n\t\t\t\t\t<h2 class=\"elementor-heading-title elementor-size-default\">Surveiller et s\u00e9curiser l\u2019usage de nos m\u00e9dicaments, pour mieux prot\u00e9ger les patients.\n\n<\/h2>\t\t\t\t<\/div>\n\t\t\t\t<\/div>\n\t\t\t\t\t<\/div>\n\t\t<\/div>\n\t\t\t\t\t<\/div>\n\t\t<\/section>\n\t\t<div class=\"elementor-element elementor-element-9269a5e e-flex e-con-boxed e-con e-parent\" data-id=\"9269a5e\" data-element_type=\"container\">\n\t\t\t\t\t<div class=\"e-con-inner\">\n\t\t\t\t<div class=\"elementor-element elementor-element-1f3f8b4 elementor-widget elementor-widget-html\" data-id=\"1f3f8b4\" data-element_type=\"widget\" data-widget_type=\"html.default\">\n\t\t\t\t<div class=\"elementor-widget-container\">\n\t\t\t\t\t<!-- Section Pharmacovigilance -->\n<section id=\"pharmacovigilance\" class=\"pharma-vigilance-section section fade-in\">\n    <div class=\"container\">\n        <h2 class=\"section-title\">Pharmacovigilance<\/h2>\n        \n        <div class=\"vigilance-content\">\n            <div class=\"vigilance-info\" data-aos=\"fade-up\">\n                <div class=\"info-card\">\n                    <div class=\"card-icon\">\n                        <i class=\"fas fa-shield-alt\"><\/i>\n                    <\/div>\n                    <div class=\"card-content\">\n                        <p>\n                            Nous veillons \u00e0 garantir un niveau de s\u00e9curit\u00e9 maximal en identifiant les risques potentiels li\u00e9s \u00e0 nos produits et en mettant en place, si n\u00e9cessaire, des mesures de pr\u00e9vention adapt\u00e9es. Notre priorit\u00e9 est de prot\u00e9ger la sant\u00e9 des patients, des collaborateurs et de nos partenaires, en respectant pleinement les exigences r\u00e9glementaires.\n                        <\/p>\n                    <\/div>\n                <\/div>\n            <\/div>\n            \n            <div class=\"vigilance-form-container\" data-aos=\"fade-up\" data-aos-delay=\"200\">\n                <div class=\"form-header\">\n                    <h3>Vous souhaitez signaler un effet ind\u00e9sirable ?<\/h3>\n                    <p>Merci de remplir le formulaire ci-dessous.<\/p>\n                <\/div>\n                \n               \n            <\/div>\n        <\/div>\n    <\/div>\n<\/section>\n\n<style>\n    \/* Styles pour la section Pharmacovigilance *\/\n    .pharma-vigilance-section {\n        padding: 60px 0;\n        background-color: white;\n    }\n    \n    .container {\n        max-width: 1200px;\n        margin: 0 auto;\n        padding: 0 20px;\n    }\n    \n    .section-title {\n        text-align: center;\n        margin-bottom: 50px;\n        position: relative;\n        font-size: 2.5rem;\n        font-weight: 700;\n        color: var(--bleu-nuit);\n    }\n    \n    .section-title::after {\n        content: '';\n        display: block;\n        width: 80px;\n        height: 4px;\n        background: var(--orange-corail);\n        margin: 15px auto;\n    }\n    \n    .vigilance-content {\n        display: flex;\n        flex-wrap: wrap;\n        gap: 40px;\n        align-items: flex-start;\n    }\n    \n    .vigilance-info, \n    .vigilance-form-container {\n        flex: 1;\n        min-width: 300px;\n    }\n    \n    \/* Carte d'information *\/\n    .info-card {\n        background-color: #f9f9f9;\n        border-radius: 10px;\n        overflow: hidden;\n        box-shadow: 0 5px 15px rgba(0,0,0,0.05);\n        display: flex;\n        flex-direction: column;\n        height: 100%;\n    }\n    \n    .card-icon {\n        background: ;\n        color: --bleu-nuit;\n        padding: 25px;\n        text-align: center;\n        font-size: 2rem;\n    }\n    \n    .card-content {\n        padding: 25px;\n    }\n    \n    .card-content p {\n        margin-bottom: 0;\n        font-size: 1.05rem;\n        line-height: 1.7;\n    }\n    \n    \/* Formulaire *\/\n    .form-header {\n        margin-bottom: 25px;\n    }\n    \n    .form-header h3 {\n        color: var(--bleu-canard);\n        margin-bottom: 10px;\n        font-size: 1.5rem;\n    }\n    \n    .form-header p {\n        font-size: 1.05rem;\n    }\n    \n    .vigilance-form {\n        background-color: #f9f9f9;\n        padding: 30px;\n        border-radius: 10px;\n        box-shadow: 0 5px 15px rgba(0,0,0,0.05);\n        display: flex;\n        flex-wrap: wrap;\n        gap: 20px;\n    }\n    \n    .form-group {\n        flex: 0 0 calc(50% - 10px);\n    }\n    \n    .full-width {\n        flex: 0 0 100%;\n    }\n    \n    label {\n        display: block;\n        margin-bottom: 8px;\n        font-weight: 600;\n        color: var(--bleu-nuit);\n        font-size: 0.95rem;\n    }\n    \n    .required {\n        color: var(--orange-corail);\n    }\n    \n    input[type=\"text\"],\n    input[type=\"email\"],\n    input[type=\"tel\"],\n    input[type=\"date\"],\n    textarea {\n        width: 100%;\n        padding: 12px 15px;\n        border: 1px solid #ddd;\n        border-radius: 5px;\n        font-family: 'Nunito', sans-serif;\n        font-size: 1rem;\n        transition: all 0.3s ease;\n    }\n    \n    input:focus,\n    textarea:focus {\n        outline: none;\n        border-color: var(--bleu-canard);\n        box-shadow: 0 0 0 2px rgba(0, 143, 152, 0.2);\n    }\n    \n    .checkbox-group {\n        display: flex;\n        align-items: flex-start;\n        gap: 10px;\n    }\n    \n    .checkbox-group input[type=\"checkbox\"] {\n        margin-top: 4px;\n    }\n    \n    .checkbox-group label {\n        margin-bottom: 0;\n        font-size: 0.9rem;\n    }\n    \n    .form-submit {\n        width: 100%;\n        margin-top: 10px;\n        text-align: center;\n    }\n    \n    .submit-btn {\n        display: inline-block;\n        padding: 12px 30px;\n        background-color: var(--orange-corail);\n        color: white;\n        border: 2px solid var(--orange-corail);\n        border-radius: 30px;\n        font-family: 'Raleway', sans-serif;\n        font-weight: 600;\n        font-size: 1.1rem;\n        cursor: pointer;\n        transition: all 0.3s ease;\n    }\n    \n    .submit-btn:hover {\n        background-color: white;\n        color: var(--orange-corail);\n        transform: translateY(-3px);\n        box-shadow: 0 5px 15px rgba(244, 107, 83, 0.2);\n    }\n    \n    \/* Responsive *\/\n    @media (max-width: 992px) {\n        .vigilance-content {\n            flex-direction: column;\n        }\n        \n        .vigilance-info, \n        .vigilance-form-container {\n            width: 100%;\n        }\n    }\n    \n    @media (max-width: 768px) {\n        .section-title {\n            font-size: 2rem;\n        }\n        \n        .form-group {\n            flex: 0 0 100%;\n        }\n    }\n    \n    @media (max-width: 576px) {\n        .section-title {\n            font-size: 1.8rem;\n        }\n        \n        .vigilance-form {\n            padding: 20px;\n        }\n    }\n<\/style>\n\n<script>\n    \/\/ Script pour le traitement du formulaire\n    document.addEventListener('DOMContentLoaded', function() {\n        const form = document.getElementById('vigilanceForm');\n        \n        if (form) {\n            form.addEventListener('submit', function(e) {\n                e.preventDefault();\n                \n                const formData = new FormData(form);\nformData.append('to_email', 'lefevre.gaelle96@gmail.com'); \/\/ Adresse email de destination\n\n\/\/ Envoi des donn\u00e9es via Fetch API\nfetch('votre-script-de-traitement.php', {\n    method: 'POST',\n    body: formData\n})\n.then(response => response.json())\n.then(data => {\n    if (data.success) {\n        alert('Votre signalement a \u00e9t\u00e9 envoy\u00e9 avec succ\u00e8s. Nous vous contacterons dans les plus brefs d\u00e9lais.');\n        form.reset();\n    } else {\n        alert('Une erreur est survenue. Veuillez r\u00e9essayer plus tard.');\n    }\n})\n.catch(error => {\n    console.error('Erreur:', error);\n    alert('Une erreur est survenue. Veuillez r\u00e9essayer plus tard.');\n});\n                alert('Votre signalement a \u00e9t\u00e9 envoy\u00e9 avec succ\u00e8s. Nous vous contacterons dans les plus brefs d\u00e9lais.');\n                form.reset();\n            });\n        }\n        \n        \/\/ Initialisation de AOS si n\u00e9cessaire\n        if (typeof AOS !== 'undefined') {\n            AOS.init({\n                duration: 800,\n                once: true\n            });\n        }\n        \n        \/\/ Activation de l'animation fade-in\n        const fadeElements = document.querySelectorAll('.fade-in');\n        if (fadeElements.length > 0) {\n            const observer = new IntersectionObserver(entries => {\n                entries.forEach(entry => {\n                    if (entry.isIntersecting) {\n                        entry.target.classList.add('active');\n                        observer.unobserve(entry.target);\n                    }\n                });\n            }, {\n                threshold: 0.1\n            });\n            \n            fadeElements.forEach(element => {\n                observer.observe(element);\n            });\n        }\n    });\n<\/script>\t\t\t\t<\/div>\n\t\t\t\t<\/div>\n\t\t\t\t\t<\/div>\n\t\t\t\t<\/div>\n\t\t<div class=\"elementor-element elementor-element-319390d e-flex e-con-boxed e-con e-parent\" data-id=\"319390d\" data-element_type=\"container\">\n\t\t\t\t\t<div class=\"e-con-inner\">\n\t\t\t\t<div class=\"elementor-element elementor-element-7495532 elementor-widget elementor-widget-shortcode\" data-id=\"7495532\" data-element_type=\"widget\" data-widget_type=\"shortcode.default\">\n\t\t\t\t<div class=\"elementor-widget-container\">\n\t\t\t\t\t\t\t<div class=\"elementor-shortcode\"><div class='fluentform ff-default fluentform_wrapper_6 ffs_default_wrap'><form data-form_id=\"6\" id=\"fluentform_6\" class=\"frm-fluent-form fluent_form_6 ff-el-form-top ff_form_instance_6_1 ff-form-loading ffs_default\" data-form_instance=\"ff_form_instance_6_1\" method=\"POST\" ><fieldset  style=\"border: none!important;margin: 0!important;padding: 0!important;background-color: transparent!important;box-shadow: none!important;outline: none!important; min-inline-size: 100%;\">\n                    <legend class=\"ff_screen_reader_title\" style=\"display: block; margin: 0!important;padding: 0!important;height: 0!important;text-indent: -999999px;width: 0!important;overflow:hidden;\">Pharmacovigilance<\/legend><p style=\"display: none !important;\" class=\"akismet-fields-container\" data-prefix=\"ak_\"><label>&#916;<textarea name=\"ak_hp_textarea\" cols=\"45\" rows=\"8\" maxlength=\"100\"><\/textarea><\/label><input type=\"hidden\" id=\"ak_js_1\" name=\"ak_js\" value=\"128\"\/><script>document.getElementById( \"ak_js_1\" ).setAttribute( \"value\", ( new Date() ).getTime() );<\/script><\/p>        <div\n                style=\"display: none!important; position: absolute!important; transform: translateX(1000%)!important;\"\n                class=\"ff-el-group ff-hpsf-container\"\n        >\n            <div class=\"ff-el-input--label asterisk-right\">\n                <label for=\"ff_6_item_sf\" aria-label=\"Updates\">\n                    Updates                <\/label>\n            <\/div>\n            <div class=\"ff-el-input--content\">\n                <input type=\"text\"\n                       name=\"item_6__fluent_sf\"\n                       class=\"ff-el-form-control\"\n                       id=\"ff_6_item_sf\"\n                \/>\n            <\/div>\n        <\/div>\n                <input type=\"hidden\" id=\"__fluent_protection_token_6\" class=\"fluent-form-token-field\" name=\"__fluent_protection_token_6\">\n        <input type='hidden' name='__fluent_form_embded_post_id' value='5585' \/><input type=\"hidden\" id=\"_fluentform_6_fluentformnonce\" name=\"_fluentform_6_fluentformnonce\" value=\"39ac9699d6\" \/><input type=\"hidden\" name=\"_wp_http_referer\" value=\"\/en\/wp-json\/wp\/v2\/pages\/5585\" \/><div data-type=\"name-element\" data-name=\"names\" class=\" ff-field_container ff-name-field-wrapper\" ><div class='ff-t-container'><div class='ff-t-cell '><div class='ff-el-group'><div class=\"ff-el-input--label ff-el-is-required asterisk-right\"><label for='ff_6_names_first_name_' id='label_ff_6_names_first_name_' >Nom<\/label><\/div><div class='ff-el-input--content'><input type=\"text\" name=\"names[first_name]\" id=\"ff_6_names_first_name_\" class=\"ff-el-form-control\" placeholder=\"Nom\" aria-invalid=\"false\" aria-required=true><\/div><\/div><\/div><div class='ff-t-cell '><div class='ff-el-group'><div class=\"ff-el-input--label ff-el-is-required asterisk-right\"><label for='ff_6_names_last_name_' id='label_ff_6_names_last_name_' >Pr\u00e9nom<\/label><\/div><div class='ff-el-input--content'><input type=\"text\" name=\"names[last_name]\" id=\"ff_6_names_last_name_\" class=\"ff-el-form-control\" placeholder=\"Pr\u00e9nom\" aria-invalid=\"false\" aria-required=true><\/div><\/div><\/div><\/div><\/div><div class='ff-el-group'><div class=\"ff-el-input--label ff-el-is-required asterisk-right\"><label for='ff_6_email' id='label_ff_6_email' aria-label=\"Email\">Email<\/label><\/div><div class='ff-el-input--content'><input type=\"email\" name=\"email\" id=\"ff_6_email\" class=\"ff-el-form-control\" placeholder=\"Email \" data-name=\"email\"  aria-invalid=\"false\" aria-required=true><\/div><\/div><div class='ff-el-group'><div class=\"ff-el-input--label ff-el-is-required asterisk-right\"><label for='ff_6_subject' id='label_ff_6_subject' aria-label=\"T\u00e9l\u00e9phone\">T\u00e9l\u00e9phone<\/label><\/div><div class='ff-el-input--content'><input type=\"text\" name=\"subject\" class=\"ff-el-form-control\" placeholder=\"T\u00e9l\u00e9phone\" data-name=\"subject\" id=\"ff_6_subject\"  aria-invalid=\"false\" aria-required=true><\/div><\/div><div class='ff-el-group'><div class=\"ff-el-input--label ff-el-is-required asterisk-right\"><label for='ff_6_input_text' id='label_ff_6_input_text' aria-label=\"Produit concern\u00e9\">Produit concern\u00e9 <\/label><\/div><div class='ff-el-input--content'><input type=\"text\" name=\"input_text\" class=\"ff-el-form-control\" placeholder=\"Produit concern\u00e9 \" data-name=\"input_text\" id=\"ff_6_input_text\"  aria-invalid=\"false\" aria-required=true><\/div><\/div><div class='ff-el-group'><div class=\"ff-el-input--label ff-el-is-required asterisk-right\"><label for='ff_6_datetime' id='label_ff_6_datetime' aria-label=\"Date de survenue\">Date de survenue<\/label><\/div><div class='ff-el-input--content'><input  aria-label='Date de survenue Use arrow keys to navigate dates. Press enter to select a date.'  aria-haspopup='dialog' data-type-datepicker data-format='d\/m\/Y' type=\"text\" name=\"datetime\" id=\"ff_6_datetime\" class=\"ff-el-form-control ff-el-datepicker\" data-name=\"datetime\"  aria-invalid='false' aria-required=true><\/div><\/div><div class='ff-el-group'><div class=\"ff-el-input--label ff-el-is-required asterisk-right\"><label for='ff_6_message' id='label_ff_6_message' aria-label=\"Description de l&#039;effet ind\u00e9sirable\">Description de l'effet ind\u00e9sirable <\/label><\/div><div class='ff-el-input--content'><textarea aria-required=\"true\" aria-labelledby=\"label_ff_6_message\" name=\"message\" id=\"ff_6_message\" class=\"ff-el-form-control\" placeholder=\"Description de l&#039;effet ind\u00e9sirable \" rows=\"5\" cols=\"1\" data-name=\"message\" ><\/textarea><\/div><\/div><div class='ff-el-group ff-text-left ff_submit_btn_wrapper'><button type=\"submit\" class=\"ff-btn ff-btn-submit ff-btn-lg ff_btn_style\"  aria-label=\"Envoyer\">Envoyer<\/button><\/div><\/fieldset><\/form><div id='fluentform_6_errors' class='ff-errors-in-stack ff_form_instance_6_1 ff-form-loading_errors ff_form_instance_6_1_errors'><\/div><\/div>            <script type=\"text\/javascript\">\n                window.fluent_form_ff_form_instance_6_1 = {\"id\":\"6\",\"settings\":{\"layout\":{\"labelPlacement\":\"top\",\"helpMessagePlacement\":\"with_label\",\"errorMessagePlacement\":\"inline\",\"cssClassName\":\"\",\"asteriskPlacement\":\"asterisk-right\"},\"restrictions\":{\"denyEmptySubmission\":{\"enabled\":false}}},\"form_instance\":\"ff_form_instance_6_1\",\"form_id_selector\":\"fluentform_6\",\"rules\":{\"names[first_name]\":{\"required\":{\"value\":true,\"message\":\"Ce champ est obligatoire\",\"global\":true,\"global_message\":\"Ce champ est obligatoire\"}},\"names[middle_name]\":{\"required\":{\"value\":false,\"message\":\"Ce champ est obligatoire\",\"global\":true,\"global_message\":\"Ce champ est obligatoire\"}},\"names[last_name]\":{\"required\":{\"value\":true,\"message\":\"Ce champ est obligatoire\",\"global\":true,\"global_message\":\"Ce champ est obligatoire\"}},\"email\":{\"required\":{\"value\":true,\"message\":\"Ce champ est obligatoire\",\"global\":true,\"global_message\":\"Ce champ est obligatoire\"},\"email\":{\"value\":true,\"message\":\"Ce champ doit contenir un e-mail valide\",\"global\":true,\"global_message\":\"Ce champ doit contenir un e-mail valide\"}},\"subject\":{\"required\":{\"value\":true,\"message\":\"Ce champ est obligatoire\",\"global\":true,\"global_message\":\"Ce champ est obligatoire\"}},\"input_text\":{\"required\":{\"value\":true,\"message\":\"Ce champ est obligatoire\",\"global_message\":\"Ce champ est obligatoire\",\"global\":true}},\"datetime\":{\"required\":{\"value\":true,\"message\":\"Ce champ est obligatoire\",\"global_message\":\"Ce champ est obligatoire\",\"global\":true}},\"message\":{\"required\":{\"value\":true,\"message\":\"Ce champ est obligatoire\",\"global\":true,\"global_message\":\"Ce champ est obligatoire\"}}},\"debounce_time\":300};\n                            <\/script>\n            <\/div>\n\t\t\t\t\t\t<\/div>\n\t\t\t\t<\/div>\n\t\t\t\t\t<\/div>\n\t\t\t\t<\/div>\n\t\t\t\t<\/div>\n\t\t","protected":false},"excerpt":{"rendered":"<p>Surveiller et s\u00e9curiser l\u2019usage de nos m\u00e9dicaments, pour mieux prot\u00e9ger les patients. Pharmacovigilance Nous veillons \u00e0 garantir un niveau de s\u00e9curit\u00e9 maximal en identifiant les risques potentiels li\u00e9s \u00e0 nos produits et en mettant en place, si n\u00e9cessaire, des mesures de pr\u00e9vention adapt\u00e9es. Notre priorit\u00e9 est de prot\u00e9ger la sant\u00e9 des patients, des collaborateurs et [&hellip;]<\/p>\n","protected":false},"author":1904,"featured_media":0,"parent":0,"menu_order":0,"comment_status":"closed","ping_status":"closed","template":"","meta":{"_eb_attr":"","footnotes":""},"class_list":["post-5585","page","type-page","status-publish","hentry"],"yoast_head":"<!-- This site is optimized with the Yoast SEO plugin v27.4 - https:\/\/yoast.com\/product\/yoast-seo-wordpress\/ -->\n<title>Pharmacovigilance - CYROI<\/title>\n<meta name=\"robots\" content=\"index, follow, max-snippet:-1, max-image-preview:large, max-video-preview:-1\" \/>\n<link rel=\"canonical\" href=\"https:\/\/cyroi.re\/en\/pharmacovigilance\/\" \/>\n<meta property=\"og:locale\" content=\"en_US\" \/>\n<meta property=\"og:type\" content=\"article\" \/>\n<meta property=\"og:title\" content=\"Pharmacovigilance - CYROI\" \/>\n<meta property=\"og:description\" content=\"Surveiller et s\u00e9curiser l\u2019usage de nos m\u00e9dicaments, pour mieux prot\u00e9ger les patients. Pharmacovigilance Nous veillons \u00e0 garantir un niveau de s\u00e9curit\u00e9 maximal en identifiant les risques potentiels li\u00e9s \u00e0 nos produits et en mettant en place, si n\u00e9cessaire, des mesures de pr\u00e9vention adapt\u00e9es. Notre priorit\u00e9 est de prot\u00e9ger la sant\u00e9 des patients, des collaborateurs et [&hellip;]\" \/>\n<meta property=\"og:url\" content=\"https:\/\/cyroi.re\/en\/pharmacovigilance\/\" \/>\n<meta property=\"og:site_name\" content=\"CYROI\" \/>\n<meta property=\"article:publisher\" content=\"https:\/\/www.facebook.com\/profile.php?id=100066913282100\" \/>\n<meta property=\"article:modified_time\" content=\"2025-08-07T12:23:34+00:00\" \/>\n<meta name=\"twitter:label1\" content=\"Est. reading time\" \/>\n\t<meta name=\"twitter:data1\" content=\"1 minute\" \/>\n<script type=\"application\/ld+json\" class=\"yoast-schema-graph\">{\"@context\":\"https:\\\/\\\/schema.org\",\"@graph\":[{\"@type\":\"WebPage\",\"@id\":\"https:\\\/\\\/cyroi.re\\\/pharmacovigilance\\\/\",\"url\":\"https:\\\/\\\/cyroi.re\\\/pharmacovigilance\\\/\",\"name\":\"Pharmacovigilance - CYROI\",\"isPartOf\":{\"@id\":\"https:\\\/\\\/cyroi.re\\\/#website\"},\"datePublished\":\"2025-04-27T16:22:49+00:00\",\"dateModified\":\"2025-08-07T12:23:34+00:00\",\"breadcrumb\":{\"@id\":\"https:\\\/\\\/cyroi.re\\\/pharmacovigilance\\\/#breadcrumb\"},\"inLanguage\":\"en-US\",\"potentialAction\":[{\"@type\":\"ReadAction\",\"target\":[\"https:\\\/\\\/cyroi.re\\\/pharmacovigilance\\\/\"]}]},{\"@type\":\"BreadcrumbList\",\"@id\":\"https:\\\/\\\/cyroi.re\\\/pharmacovigilance\\\/#breadcrumb\",\"itemListElement\":[{\"@type\":\"ListItem\",\"position\":1,\"name\":\"Accueil\",\"item\":\"https:\\\/\\\/cyroi.re\\\/\"},{\"@type\":\"ListItem\",\"position\":2,\"name\":\"Pharmacovigilance\"}]},{\"@type\":\"WebSite\",\"@id\":\"https:\\\/\\\/cyroi.re\\\/#website\",\"url\":\"https:\\\/\\\/cyroi.re\\\/\",\"name\":\"CYROI\",\"description\":\"\",\"publisher\":{\"@id\":\"https:\\\/\\\/cyroi.re\\\/#organization\"},\"potentialAction\":[{\"@type\":\"SearchAction\",\"target\":{\"@type\":\"EntryPoint\",\"urlTemplate\":\"https:\\\/\\\/cyroi.re\\\/?s={search_term_string}\"},\"query-input\":{\"@type\":\"PropertyValueSpecification\",\"valueRequired\":true,\"valueName\":\"search_term_string\"}}],\"inLanguage\":\"en-US\"},{\"@type\":\"Organization\",\"@id\":\"https:\\\/\\\/cyroi.re\\\/#organization\",\"name\":\"CYROI\",\"url\":\"https:\\\/\\\/cyroi.re\\\/\",\"logo\":{\"@type\":\"ImageObject\",\"inLanguage\":\"en-US\",\"@id\":\"https:\\\/\\\/cyroi.re\\\/#\\\/schema\\\/logo\\\/image\\\/\",\"url\":\"https:\\\/\\\/cyroi.re\\\/wp-content\\\/uploads\\\/2024\\\/08\\\/Design-sans-titre2.svg\",\"contentUrl\":\"https:\\\/\\\/cyroi.re\\\/wp-content\\\/uploads\\\/2024\\\/08\\\/Design-sans-titre2.svg\",\"width\":375,\"height\":157,\"caption\":\"CYROI\"},\"image\":{\"@id\":\"https:\\\/\\\/cyroi.re\\\/#\\\/schema\\\/logo\\\/image\\\/\"},\"sameAs\":[\"https:\\\/\\\/www.facebook.com\\\/profile.php?id=100066913282100\",\"https:\\\/\\\/x.com\\\/GIP_CYROI\",\"https:\\\/\\\/www.linkedin.com\\\/company\\\/gip-cyroi\"]}]}<\/script>\n<!-- \/ Yoast SEO plugin. -->","yoast_head_json":{"title":"Pharmacovigilance - CYROI","robots":{"index":"index","follow":"follow","max-snippet":"max-snippet:-1","max-image-preview":"max-image-preview:large","max-video-preview":"max-video-preview:-1"},"canonical":"https:\/\/cyroi.re\/en\/pharmacovigilance\/","og_locale":"en_US","og_type":"article","og_title":"Pharmacovigilance - CYROI","og_description":"Surveiller et s\u00e9curiser l\u2019usage de nos m\u00e9dicaments, pour mieux prot\u00e9ger les patients. Pharmacovigilance Nous veillons \u00e0 garantir un niveau de s\u00e9curit\u00e9 maximal en identifiant les risques potentiels li\u00e9s \u00e0 nos produits et en mettant en place, si n\u00e9cessaire, des mesures de pr\u00e9vention adapt\u00e9es. Notre priorit\u00e9 est de prot\u00e9ger la sant\u00e9 des patients, des collaborateurs et [&hellip;]","og_url":"https:\/\/cyroi.re\/en\/pharmacovigilance\/","og_site_name":"CYROI","article_publisher":"https:\/\/www.facebook.com\/profile.php?id=100066913282100","article_modified_time":"2025-08-07T12:23:34+00:00","twitter_misc":{"Est. reading time":"1 minute"},"schema":{"@context":"https:\/\/schema.org","@graph":[{"@type":"WebPage","@id":"https:\/\/cyroi.re\/pharmacovigilance\/","url":"https:\/\/cyroi.re\/pharmacovigilance\/","name":"Pharmacovigilance - CYROI","isPartOf":{"@id":"https:\/\/cyroi.re\/#website"},"datePublished":"2025-04-27T16:22:49+00:00","dateModified":"2025-08-07T12:23:34+00:00","breadcrumb":{"@id":"https:\/\/cyroi.re\/pharmacovigilance\/#breadcrumb"},"inLanguage":"en-US","potentialAction":[{"@type":"ReadAction","target":["https:\/\/cyroi.re\/pharmacovigilance\/"]}]},{"@type":"BreadcrumbList","@id":"https:\/\/cyroi.re\/pharmacovigilance\/#breadcrumb","itemListElement":[{"@type":"ListItem","position":1,"name":"Accueil","item":"https:\/\/cyroi.re\/"},{"@type":"ListItem","position":2,"name":"Pharmacovigilance"}]},{"@type":"WebSite","@id":"https:\/\/cyroi.re\/#website","url":"https:\/\/cyroi.re\/","name":"CYROI","description":"","publisher":{"@id":"https:\/\/cyroi.re\/#organization"},"potentialAction":[{"@type":"SearchAction","target":{"@type":"EntryPoint","urlTemplate":"https:\/\/cyroi.re\/?s={search_term_string}"},"query-input":{"@type":"PropertyValueSpecification","valueRequired":true,"valueName":"search_term_string"}}],"inLanguage":"en-US"},{"@type":"Organization","@id":"https:\/\/cyroi.re\/#organization","name":"CYROI","url":"https:\/\/cyroi.re\/","logo":{"@type":"ImageObject","inLanguage":"en-US","@id":"https:\/\/cyroi.re\/#\/schema\/logo\/image\/","url":"https:\/\/cyroi.re\/wp-content\/uploads\/2024\/08\/Design-sans-titre2.svg","contentUrl":"https:\/\/cyroi.re\/wp-content\/uploads\/2024\/08\/Design-sans-titre2.svg","width":375,"height":157,"caption":"CYROI"},"image":{"@id":"https:\/\/cyroi.re\/#\/schema\/logo\/image\/"},"sameAs":["https:\/\/www.facebook.com\/profile.php?id=100066913282100","https:\/\/x.com\/GIP_CYROI","https:\/\/www.linkedin.com\/company\/gip-cyroi"]}]}},"_links":{"self":[{"href":"https:\/\/cyroi.re\/en\/wp-json\/wp\/v2\/pages\/5585","targetHints":{"allow":["GET"]}}],"collection":[{"href":"https:\/\/cyroi.re\/en\/wp-json\/wp\/v2\/pages"}],"about":[{"href":"https:\/\/cyroi.re\/en\/wp-json\/wp\/v2\/types\/page"}],"author":[{"embeddable":true,"href":"https:\/\/cyroi.re\/en\/wp-json\/wp\/v2\/users\/1904"}],"replies":[{"embeddable":true,"href":"https:\/\/cyroi.re\/en\/wp-json\/wp\/v2\/comments?post=5585"}],"version-history":[{"count":38,"href":"https:\/\/cyroi.re\/en\/wp-json\/wp\/v2\/pages\/5585\/revisions"}],"predecessor-version":[{"id":7449,"href":"https:\/\/cyroi.re\/en\/wp-json\/wp\/v2\/pages\/5585\/revisions\/7449"}],"wp:attachment":[{"href":"https:\/\/cyroi.re\/en\/wp-json\/wp\/v2\/media?parent=5585"}],"curies":[{"name":"wp","href":"https:\/\/api.w.org\/{rel}","templated":true}]}}