{"id":2692,"date":"2024-08-27T08:35:32","date_gmt":"2024-08-27T07:35:32","guid":{"rendered":"https:\/\/cyroi.re\/?page_id=2692"},"modified":"2026-04-16T06:38:03","modified_gmt":"2026-04-16T05:38:03","slug":"prestation-de-services","status":"publish","type":"page","link":"https:\/\/cyroi.re\/en\/prestation-de-services\/","title":{"rendered":"Prestation de service"},"content":{"rendered":"<div data-elementor-type=\"wp-page\" data-elementor-id=\"2692\" class=\"elementor elementor-2692\" data-elementor-post-type=\"page\">\n\t\t\t\t<div class=\"elementor-element elementor-element-cbd5861 e-flex e-con-boxed e-con e-parent\" data-id=\"cbd5861\" data-element_type=\"container\">\n\t\t\t\t\t<div class=\"e-con-inner\">\n\t\t\t\t<div class=\"elementor-element elementor-element-3b94987 elementor-widget elementor-widget-html\" data-id=\"3b94987\" data-element_type=\"widget\" data-widget_type=\"html.default\">\n\t\t\t\t<div class=\"elementor-widget-container\">\n\t\t\t\t\t<!-- Bloc HTML autonome pour WordPress (Gutenberg > \u201cHTML personnalis\u00e9\u201d).\n     Couleurs brand CYROI : #1c1c68  -->\n<div class=\"cyroi-prestas\">\n  <style>\n    @import url('https:\/\/fonts.googleapis.com\/css2?family=Raleway:wght@600;700&family=Nunito:wght@400;600&display=swap');\n    .cyroi-prestas{--brand:#1c1c68;--brand-d:#151551;--accent:#f46b53;--accent-d:#d85c47;--ink:#111827;--muted:#6b7280;--bg:#ffffff;--bg-soft:#f5f6fb} \/* Remplacer --accent par l\u2019orange officiel de votre charte si diff\u00e9rent *\/\n    .cyroi-prestas *{box-sizing:border-box}\n    .cyroi-prestas, .cyroi-prestas p, .cyroi-prestas li, .cyroi-prestas input, .cyroi-prestas .badge, .cyroi-prestas .btn, .cyroi-prestas .pitch { font-family: 'Nunito', ui-sans-serif, system-ui, Segoe UI, Roboto, Helvetica, Arial; }\n    .cyroi-prestas .hero{background:var(--brand);color:#fff;padding:48px 20px}\n    .cyroi-prestas .container{max-width:1120px;margin:0 auto}\n    .cyroi-prestas h1{margin:0;font:700 32px\/1.2 'Raleway',ui-sans-serif,system-ui,Segoe UI,Roboto,Helvetica,Arial}\n    .cyroi-prestas p.lead{margin:12px 0 0;opacity:.92;max-width:720px}\n    .cyroi-prestas .toolbar{display:flex;gap:12px;flex-wrap:wrap;margin-top:18px}\n    .cyroi-prestas .search{position:relative;flex:1 1 360px}\n    .cyroi-prestas .search input{width:100%;padding:12px 14px 12px 40px;border:1px solid rgba(255,255,255,.2);background:rgba(255,255,255,.12);color:#fff;border-radius:12px}\n    .cyroi-prestas .search input::placeholder{color:rgba(255,255,255,.85)}\n    .cyroi-prestas .tag{border:1px solid rgba(255,255,255,.2);background:rgba(255,255,255,.12);color:#fff;padding:8px 12px;border-radius:999px;cursor:pointer}\n    .cyroi-prestas .tag.active{background:#fff;color:var(--brand);border-color:#fff}\n    .cyroi-prestas .grid{padding:36px 20px}\n    .cyroi-prestas .cards{display:grid;grid-template-columns:repeat(auto-fit,minmax(260px,1fr));gap:16px;max-width:1120px;margin:0 auto}\n    .cyroi-prestas .card{background:#fff;border:1px solid #e5e7eb;border-radius:16px;padding:18px;box-shadow:0 1px 2px rgba(0,0,0,.04);display:flex;flex-direction:column;height:100%}\n    .cyroi-prestas .card h3{margin:0 0 8px;font:600 18px\/1.2 'Raleway',ui-sans-serif,system-ui}\n    .cyroi-prestas .icon{width:40px;height:40px;border-radius:14px;background:rgba(28,28,104,.08);color:var(--brand);display:grid;place-items:center;margin-right:10px}\n    .cyroi-prestas .icon svg{width:20px;height:20px;stroke:var(--brand);fill:none;stroke-width:2;stroke-linecap:round;stroke-linejoin:round}\n    .cyroi-prestas .head{display:flex;align-items:center}\n    .cyroi-prestas .pitch{color:#374151;font-size:14px;margin:6px 0 10px;min-height:44px}\n    .cyroi-prestas ul{margin:8px 0 0;padding-left:18px;color:#374151;font-size:14px}\n    .cyroi-prestas .badges{display:flex;gap:8px;flex-wrap:wrap;margin-top:12px}\n    .cyroi-prestas .badge{background:#f3f4f6;border:1px solid #e5e7eb;border-radius:999px;padding:4px 10px;font-size:12px;color:#374151}\n    .cyroi-prestas .actions{margin-top:auto;display:flex;justify-content:space-between;align-items:center;gap:8px}\n    .cyroi-prestas .btn{appearance:none;border:0;background:var(--accent);color:#fff;padding:10px 14px;border-radius:12px;text-decoration:none;font:600 14px\/1 'Nunito',ui-sans-serif}\n    .cyroi-prestas .btn:hover{background:var(--accent-d)}\n    .cyroi-prestas .cta{max-width:1120px;margin:24px auto 0;background:var(--bg-soft);border:1px solid #e5e7eb;border-radius:16px;padding:18px}\n    .cyroi-prestas .cta h4{margin:0 0 6px;font:600 16px\/1.2 'Raleway',ui-sans-serif,system-ui}\n    .cyroi-prestas .cta p{margin:0;color:#374151;font-size:14px}\n    .cyroi-prestas .cta .row{display:flex;gap:10px;margin-top:12px;flex-wrap:wrap}\n    .cyroi-prestas .btn.outline{background:#fff;color:var(--accent);border:1px solid var(--accent)}\n    \/* petite ic\u00f4ne loupe *\/\n    .cyroi-prestas .loupe{position:absolute;left:12px;top:50%;transform:translateY(-50%);color:rgba(255,255,255,.9);width:18px;height:18px}\n    @media (max-width:520px){.cyroi-prestas h1{font-size:26px}}\n  <\/style>\n\n  <!-- HERO -->\n  <section class=\"hero\">\n    <div class=\"container\">\n      <h1>Prestations de service du CYROI<\/h1>\n      <p class=\"lead\">Acc\u00e9dez \u00e0 nos plateformes techniques et \u00e0 notre expertise pour acc\u00e9l\u00e9rer vos projets en sant\u00e9, biotechnologies, chimie et environnement. <\/p>\n      <div class=\"toolbar\">\n        <div class=\"search\">\n          <i data-lucide=\"search\" class=\"loupe\"><\/i>\n          <input id=\"cyroi-search\" type=\"search\" placeholder=\"Rechercher une offre, une technique\u2026\" aria-label=\"Rechercher dans les offres\" \/>\n        <\/div>\n       \n      <\/div>\n    <\/div>\n  <\/section>\n\n  <!-- GRID LISTING -->\n  <section class=\"grid\">\n    <div class=\"cards\" id=\"cyroi-cards\">\n      <!-- UA -->\n      <article class=\"card\" data-tags=\"Chimie, Environnement, Agroalimentaire\">\n        <div class=\"head\">\n          <div class=\"icon\"><i data-lucide=\"microscope\"><\/i><\/div>\n          <h3>Unit\u00e9 Analytique<\/h3>\n        <\/div>\n        <p class=\"pitch\">Analyses cibl\u00e9es (GC\u2011MS\/MS, LC\u2011MS, chromatographie ionique) : ar\u00f4mes & senteurs, r\u00e9sidus, environnement.<\/p>\n        <ul>\n          <li>Profilage huiles essentielles, headspace, SPME<\/li>\n          <li>Ions, sucres, anions\/cations<\/li>\n        <\/ul>\n       \n        <div class=\"actions\">\n          <a class=\"btn\" href=\"https:\/\/cyroi.re\/en\/chimie-analytique-phytochimie\/\">Learn more<\/a>\n        <\/div>\n      <\/article>\n\n      <!-- Unit\u00e9 In Vitro -->\n      <article class=\"card\" data-tags=\"Sant\u00e9, Biotech\">\n        <div class=\"head\">\n          <div class=\"icon\"><i data-lucide=\"flask-conical\"><\/i><\/div>\n          <h3>Unit\u00e9 <em>in vitro<\/em><\/h3>\n        <\/div>\n        <p class=\"pitch\">Biologie cellulaire & microbiologie : cytotoxicit\u00e9, anti\u2011inflammatoire\/antioxydant, biofilms, st\u00e9rilit\u00e9.<\/p>\n        <ul>\n          <li>Cultures cellulaires murines & humaines<\/li>\n          <li>Tests d\u2019activit\u00e9 <\/li>\n          <li>Microbiologie <\/li>\n        <\/ul>\n        \n        <div class=\"actions\">\n          <a class=\"btn\" href=\"https:\/\/cyroi.re\/en\/experimentation-in-vitro\/\">Learn more<\/a>\n        <\/div>\n      <\/article>\n\n      <!-- Unit\u00e9 PEV -->\n      <article class=\"card\" data-tags=\"Chimie, Biotech, Valorisation\">\n        <div class=\"head\">\n          <div class=\"icon\"><i data-lucide=\"test-tubes\"><\/i><\/div>\n          <h3>Plant Extraction Platform<\/h3>\n        <\/div>\n        <p class=\"pitch\">Extraction & purification de m\u00e9tabolites (plantes, marins, bact\u00e9ries). <\/p>\n        <ul>\n          <li>Micro\u2011ondes, turbo\u2011hydrodistillation, ASE<\/li>\n          <li>Purification Flash, concentration<\/li>\n          <li>Lyophilisation, s\u00e9chage, broyage<\/li>\n        <\/ul>\n       \n        <div class=\"actions\">\n          <a class=\"btn\" href=\"https:\/\/cyroi.re\/en\/plateforme-dextraction-vegetale\/\">Learn more<\/a>\n        <\/div>\n      <\/article>\n\n      <!-- RIPA -->\n      <article class=\"card\" data-tags=\"Sant\u00e9, Biotech, Imagerie, Pr\u00e9clinique\">\n        <div class=\"head\">\n          <div class=\"icon\"><i data-lucide=\"radiation\"><\/i><\/div>\n          <h3>RIPA \u2014 Radiochimie &amp; Imagerie Pr\u00e9clinique<\/h3>\n        <\/div>\n        <p class=\"pitch\">D\u00e9v. radiotraceurs & imagerie micro\u2011PET\/SPECT\/CT : biodistribution, pharmacocin\u00e9tique, \u00e9valuation th\u00e9rapeutique.<\/p>\n        <ul>\n          <li>Radiomarquages <\/li>\n          <li>Biodistribution <em>in vivo<\/em>, autoradiographies<\/li>\n          <li>Suivi de pathologies (onco, cardio, m\u00e9tabolique)<\/li>\n        <\/ul>\n        \n        <div class=\"actions\">\n          <a class=\"btn\" href=\"https:\/\/cyroi.re\/en\/radiochimie-et-imagerie\/\">Learn more<\/a>\n        <\/div>\n      <\/article>\n\n      <!-- RMN -->\n      <article class=\"card\" data-tags=\"Chimie, Biologie, Agroalimentaire\">\n        <div class=\"head\">\n          <div class=\"icon\"><i data-lucide=\"database\"><\/i><\/div>\n          <h3>RMN \u2014 R\u00e9sonance Magn\u00e9tique Nucl\u00e9aire<\/h3>\n        <\/div>\n        <p class=\"pitch\">RMN 600 MHz : identification structurale, contr\u00f4le qualit\u00e9, matrices complexes <\/p>\n        <ul>\n          <li>Analyses non destructives<\/li>\n          <li>Libre\u2011service & accompagnement<\/li>\n          <li>Support interpr\u00e9tation sur devis<\/li>\n        <\/ul>\n        \n        <div class=\"actions\">\n          <a class=\"btn\" href=\"https:\/\/cyroi.re\/en\/la-resonance-magnetique-nucleaire\/\">Learn more<\/a>\n        <\/div>\n      <\/article>\n\n      <!-- Animalerie -->\n      <article class=\"card\" data-tags=\"Sant\u00e9, Pr\u00e9clinique, Formation\">\n        <div class=\"head\">\n          <div class=\"icon\"><i data-lucide=\"rabbit\"><\/i><\/div>\n          <h3>Recherche pr\u00e9clinique <em>in vivo<\/em><\/h3>\n        <\/div>\n        <p class=\"pitch\">H\u00e9bergement & mod\u00e8les pr\u00e9cliniques (zones conventionnelle & A1+), encadrement v\u00e9t\u00e9rinaire qualifi\u00e9.<\/p>\n        <ul>\n          <li>Mod\u00e8les : oncologie, infectieux, m\u00e9tabolique, neuro<\/li>\n          <li>Histologie, pr\u00e9l\u00e8vements, enseignement<\/li>\n          <li>Conditions d\u2019\u00e9levage standardis\u00e9es<\/li>\n        <\/ul>\n       \n        <div class=\"actions\">\n          <a class=\"btn\" href=\"https:\/\/cyroi.re\/en\/recherche-preclinique-in-vivo\/\">Learn more<\/a>\n        <\/div>\n      <\/article>\n\n      <!-- Comit\u00e9 d\u2019\u00e9thique -->\n      <article class=\"card\" data-tags=\"\u00c9thique, Pr\u00e9clinique\">\n        <div class=\"head\">\n          <div class=\"icon\"><i data-lucide=\"shield-check\"><\/i><\/div>\n          <h3>Comit\u00e9 d\u2019\u00e9thique<\/h3>\n        <\/div>\n        <p class=\"pitch\">\u00c9valuation \u00e9thique et r\u00e9glementaire des protocoles d\u2019exp\u00e9rimentation animale : approbation pr\u00e9alable, accompagnement 3R.<\/p>\n        <ul>\n          <li>N\u00e9cessit\u00e9 du mod\u00e8le & alternatives<\/li>\n          <li>Choix de l\u2019esp\u00e8ce et conception<\/li>\n          <li>R\u00e9duction du nombre d\u2019animaux (3R)<\/li>\n          <li>Analg\u00e9sie, bien\u2011\u00eatre & fin de proc\u00e9dure<\/li>\n        <\/ul>\n       \n        <div class=\"actions\">\n          <a class=\"btn\" href=\"https:\/\/cyroi.re\/en\/comite-dethique\/\">Learn more<\/a>\n        <\/div>\n      <\/article>\n\n      <!-- Formations -->\n      <article class=\"card\" data-tags=\"Formation\">\n        <div class=\"head\">\n          <div class=\"icon\"><i data-lucide=\"book-open\"><\/i><\/div>\n          <h3>Formations<\/h3>\n        <\/div>\n        <p class=\"pitch\">Formations courtes & longues : exp\u00e9rimentation animale, chimie, s\u00e9curit\u00e9 au travail (\u00e9ligibles aux financements).<\/p>\n        <ul>\n          \n          <li>Adaptations & accessibilit\u00e9<\/li>\n          <li>Devis sur mesure<\/li>\n        <\/ul>\n        \n        <div class=\"actions\">\n          <a class=\"btn\" href=\"https:\/\/cyroi.re\/en\/nos-formations\/\">Learn more<\/a>\n        <\/div>\n      <\/article>\n    <\/div>\n\n   \n  <\/section>\n<\/div>\n\n<script src=\"https:\/\/unpkg.com\/lucide@latest\"><\/script>\n<script>\n(function(){\n  const cards = Array.from(document.querySelectorAll('.cyroi-prestas .card'));\n  const search = document.getElementById('cyroi-search');\n  const tags = Array.from(document.querySelectorAll('.cyroi-prestas .tag'));\n  let activeTag = 'Tous';\n  function applyFilter(){\n    const q = (search?.value || '').toLowerCase();\n    cards.forEach(c=>{\n      const hay = (c.innerText||'').toLowerCase();\n      const cardTags = (c.getAttribute('data-tags')||'');\n      const matchQ = !q || hay.includes(q);\n      const matchTag = activeTag==='Tous' || cardTags.includes(activeTag);\n      c.style.display = (matchQ && matchTag) ? '' : 'none';\n    });\n  }\n  search && search.addEventListener('input', applyFilter);\n  tags.forEach(b=>b.addEventListener('click',()=>{ tags.forEach(x=>x.classList.remove('active')); b.classList.add('active'); activeTag=b.getAttribute('data-tag'); applyFilter(); }));\n  if (window.lucide && typeof window.lucide.createIcons==='function'){ window.lucide.createIcons({ attrs: { width: 20, height: 20, 'stroke-width': 2 } }); }\n})();\n<\/script>\n\t\t\t\t<\/div>\n\t\t\t\t<\/div>\n\t\t\t\t\t<\/div>\n\t\t\t\t<\/div>\n\t\t\t\t<\/div>","protected":false},"excerpt":{"rendered":"<p>Prestations de service du CYROI Acc\u00e9dez \u00e0 nos plateformes techniques et \u00e0 notre expertise pour acc\u00e9l\u00e9rer vos projets en sant\u00e9, biotechnologies, chimie et environnement. Unit\u00e9 Analytique Analyses cibl\u00e9es (GC\u2011MS\/MS, LC\u2011MS, chromatographie ionique) : ar\u00f4mes &#038; senteurs, r\u00e9sidus, environnement. Profilage huiles essentielles, headspace, SPME Ions, sucres, anions\/cations En savoir plus Unit\u00e9 in vitro Biologie cellulaire &#038; [&hellip;]<\/p>\n","protected":false},"author":1904,"featured_media":0,"parent":0,"menu_order":0,"comment_status":"closed","ping_status":"closed","template":"","meta":{"_eb_attr":"","footnotes":""},"class_list":["post-2692","page","type-page","status-publish","hentry"],"yoast_head":"<!-- This site is optimized with the Yoast SEO plugin v27.4 - https:\/\/yoast.com\/product\/yoast-seo-wordpress\/ -->\n<title>Prestation de Service- CYROI<\/title>\n<meta name=\"description\" content=\"D\u00e9couvrez les prestations de service propos\u00e9es par le GIP CYROI. Profitez de notre expertise en recherche et d\u00e9veloppement, ainsi que de nos formations pour am\u00e9liorer vos comp\u00e9tences \u00e0 La R\u00e9union.\" \/>\n<meta name=\"robots\" content=\"index, follow, max-snippet:-1, max-image-preview:large, max-video-preview:-1\" \/>\n<link rel=\"canonical\" href=\"https:\/\/cyroi.re\/en\/prestation-de-services\/\" \/>\n<meta property=\"og:locale\" content=\"en_US\" \/>\n<meta property=\"og:type\" content=\"article\" \/>\n<meta property=\"og:title\" content=\"Prestation de Service- CYROI\" \/>\n<meta property=\"og:description\" content=\"D\u00e9couvrez les prestations de service propos\u00e9es par le GIP CYROI. Profitez de notre expertise en recherche et d\u00e9veloppement, ainsi que de nos formations pour am\u00e9liorer vos comp\u00e9tences \u00e0 La R\u00e9union.\" \/>\n<meta property=\"og:url\" content=\"https:\/\/cyroi.re\/en\/prestation-de-services\/\" \/>\n<meta property=\"og:site_name\" content=\"CYROI\" \/>\n<meta property=\"article:publisher\" content=\"https:\/\/www.facebook.com\/profile.php?id=100066913282100\" \/>\n<meta property=\"article:modified_time\" content=\"2026-04-16T05:38:03+00:00\" \/>\n<meta name=\"twitter:label1\" content=\"Est. reading time\" \/>\n\t<meta name=\"twitter:data1\" content=\"2 minutes\" \/>\n<script type=\"application\/ld+json\" class=\"yoast-schema-graph\">{\"@context\":\"https:\\\/\\\/schema.org\",\"@graph\":[{\"@type\":\"WebPage\",\"@id\":\"https:\\\/\\\/cyroi.re\\\/prestation-de-services\\\/\",\"url\":\"https:\\\/\\\/cyroi.re\\\/prestation-de-services\\\/\",\"name\":\"Prestation de Service- CYROI\",\"isPartOf\":{\"@id\":\"https:\\\/\\\/cyroi.re\\\/#website\"},\"datePublished\":\"2024-08-27T07:35:32+00:00\",\"dateModified\":\"2026-04-16T05:38:03+00:00\",\"description\":\"D\u00e9couvrez les prestations de service propos\u00e9es par le GIP CYROI. Profitez de notre expertise en recherche et d\u00e9veloppement, ainsi que de nos formations pour am\u00e9liorer vos comp\u00e9tences \u00e0 La R\u00e9union.\",\"breadcrumb\":{\"@id\":\"https:\\\/\\\/cyroi.re\\\/prestation-de-services\\\/#breadcrumb\"},\"inLanguage\":\"en-US\",\"potentialAction\":[{\"@type\":\"ReadAction\",\"target\":[\"https:\\\/\\\/cyroi.re\\\/prestation-de-services\\\/\"]}]},{\"@type\":\"BreadcrumbList\",\"@id\":\"https:\\\/\\\/cyroi.re\\\/prestation-de-services\\\/#breadcrumb\",\"itemListElement\":[{\"@type\":\"ListItem\",\"position\":1,\"name\":\"Accueil\",\"item\":\"https:\\\/\\\/cyroi.re\\\/\"},{\"@type\":\"ListItem\",\"position\":2,\"name\":\"Prestation de service\"}]},{\"@type\":\"WebSite\",\"@id\":\"https:\\\/\\\/cyroi.re\\\/#website\",\"url\":\"https:\\\/\\\/cyroi.re\\\/\",\"name\":\"CYROI\",\"description\":\"\",\"publisher\":{\"@id\":\"https:\\\/\\\/cyroi.re\\\/#organization\"},\"potentialAction\":[{\"@type\":\"SearchAction\",\"target\":{\"@type\":\"EntryPoint\",\"urlTemplate\":\"https:\\\/\\\/cyroi.re\\\/?s={search_term_string}\"},\"query-input\":{\"@type\":\"PropertyValueSpecification\",\"valueRequired\":true,\"valueName\":\"search_term_string\"}}],\"inLanguage\":\"en-US\"},{\"@type\":\"Organization\",\"@id\":\"https:\\\/\\\/cyroi.re\\\/#organization\",\"name\":\"CYROI\",\"url\":\"https:\\\/\\\/cyroi.re\\\/\",\"logo\":{\"@type\":\"ImageObject\",\"inLanguage\":\"en-US\",\"@id\":\"https:\\\/\\\/cyroi.re\\\/#\\\/schema\\\/logo\\\/image\\\/\",\"url\":\"https:\\\/\\\/cyroi.re\\\/wp-content\\\/uploads\\\/2024\\\/08\\\/Design-sans-titre2.svg\",\"contentUrl\":\"https:\\\/\\\/cyroi.re\\\/wp-content\\\/uploads\\\/2024\\\/08\\\/Design-sans-titre2.svg\",\"width\":375,\"height\":157,\"caption\":\"CYROI\"},\"image\":{\"@id\":\"https:\\\/\\\/cyroi.re\\\/#\\\/schema\\\/logo\\\/image\\\/\"},\"sameAs\":[\"https:\\\/\\\/www.facebook.com\\\/profile.php?id=100066913282100\",\"https:\\\/\\\/x.com\\\/GIP_CYROI\",\"https:\\\/\\\/www.linkedin.com\\\/company\\\/gip-cyroi\"]}]}<\/script>\n<!-- \/ Yoast SEO plugin. -->","yoast_head_json":{"title":"Prestation de Service- CYROI","description":"D\u00e9couvrez les prestations de service propos\u00e9es par le GIP CYROI. Profitez de notre expertise en recherche et d\u00e9veloppement, ainsi que de nos formations pour am\u00e9liorer vos comp\u00e9tences \u00e0 La R\u00e9union.","robots":{"index":"index","follow":"follow","max-snippet":"max-snippet:-1","max-image-preview":"max-image-preview:large","max-video-preview":"max-video-preview:-1"},"canonical":"https:\/\/cyroi.re\/en\/prestation-de-services\/","og_locale":"en_US","og_type":"article","og_title":"Prestation de Service- CYROI","og_description":"D\u00e9couvrez les prestations de service propos\u00e9es par le GIP CYROI. Profitez de notre expertise en recherche et d\u00e9veloppement, ainsi que de nos formations pour am\u00e9liorer vos comp\u00e9tences \u00e0 La R\u00e9union.","og_url":"https:\/\/cyroi.re\/en\/prestation-de-services\/","og_site_name":"CYROI","article_publisher":"https:\/\/www.facebook.com\/profile.php?id=100066913282100","article_modified_time":"2026-04-16T05:38:03+00:00","twitter_misc":{"Est. reading time":"2 minutes"},"schema":{"@context":"https:\/\/schema.org","@graph":[{"@type":"WebPage","@id":"https:\/\/cyroi.re\/prestation-de-services\/","url":"https:\/\/cyroi.re\/prestation-de-services\/","name":"Prestation de Service- CYROI","isPartOf":{"@id":"https:\/\/cyroi.re\/#website"},"datePublished":"2024-08-27T07:35:32+00:00","dateModified":"2026-04-16T05:38:03+00:00","description":"D\u00e9couvrez les prestations de service propos\u00e9es par le GIP CYROI. Profitez de notre expertise en recherche et d\u00e9veloppement, ainsi que de nos formations pour am\u00e9liorer vos comp\u00e9tences \u00e0 La R\u00e9union.","breadcrumb":{"@id":"https:\/\/cyroi.re\/prestation-de-services\/#breadcrumb"},"inLanguage":"en-US","potentialAction":[{"@type":"ReadAction","target":["https:\/\/cyroi.re\/prestation-de-services\/"]}]},{"@type":"BreadcrumbList","@id":"https:\/\/cyroi.re\/prestation-de-services\/#breadcrumb","itemListElement":[{"@type":"ListItem","position":1,"name":"Accueil","item":"https:\/\/cyroi.re\/"},{"@type":"ListItem","position":2,"name":"Prestation de service"}]},{"@type":"WebSite","@id":"https:\/\/cyroi.re\/#website","url":"https:\/\/cyroi.re\/","name":"CYROI","description":"","publisher":{"@id":"https:\/\/cyroi.re\/#organization"},"potentialAction":[{"@type":"SearchAction","target":{"@type":"EntryPoint","urlTemplate":"https:\/\/cyroi.re\/?s={search_term_string}"},"query-input":{"@type":"PropertyValueSpecification","valueRequired":true,"valueName":"search_term_string"}}],"inLanguage":"en-US"},{"@type":"Organization","@id":"https:\/\/cyroi.re\/#organization","name":"CYROI","url":"https:\/\/cyroi.re\/","logo":{"@type":"ImageObject","inLanguage":"en-US","@id":"https:\/\/cyroi.re\/#\/schema\/logo\/image\/","url":"https:\/\/cyroi.re\/wp-content\/uploads\/2024\/08\/Design-sans-titre2.svg","contentUrl":"https:\/\/cyroi.re\/wp-content\/uploads\/2024\/08\/Design-sans-titre2.svg","width":375,"height":157,"caption":"CYROI"},"image":{"@id":"https:\/\/cyroi.re\/#\/schema\/logo\/image\/"},"sameAs":["https:\/\/www.facebook.com\/profile.php?id=100066913282100","https:\/\/x.com\/GIP_CYROI","https:\/\/www.linkedin.com\/company\/gip-cyroi"]}]}},"_links":{"self":[{"href":"https:\/\/cyroi.re\/en\/wp-json\/wp\/v2\/pages\/2692","targetHints":{"allow":["GET"]}}],"collection":[{"href":"https:\/\/cyroi.re\/en\/wp-json\/wp\/v2\/pages"}],"about":[{"href":"https:\/\/cyroi.re\/en\/wp-json\/wp\/v2\/types\/page"}],"author":[{"embeddable":true,"href":"https:\/\/cyroi.re\/en\/wp-json\/wp\/v2\/users\/1904"}],"replies":[{"embeddable":true,"href":"https:\/\/cyroi.re\/en\/wp-json\/wp\/v2\/comments?post=2692"}],"version-history":[{"count":27,"href":"https:\/\/cyroi.re\/en\/wp-json\/wp\/v2\/pages\/2692\/revisions"}],"predecessor-version":[{"id":8060,"href":"https:\/\/cyroi.re\/en\/wp-json\/wp\/v2\/pages\/2692\/revisions\/8060"}],"wp:attachment":[{"href":"https:\/\/cyroi.re\/en\/wp-json\/wp\/v2\/media?parent=2692"}],"curies":[{"name":"wp","href":"https:\/\/api.w.org\/{rel}","templated":true}]}}