{"id":2642,"date":"2024-08-27T08:20:14","date_gmt":"2024-08-27T07:20:14","guid":{"rendered":"https:\/\/cyroi.re\/?page_id=2642"},"modified":"2025-11-05T12:49:09","modified_gmt":"2025-11-05T11:49:09","slug":"contact","status":"publish","type":"page","link":"https:\/\/cyroi.re\/en\/contact\/","title":{"rendered":"Contact"},"content":{"rendered":"\t\t<div data-elementor-type=\"wp-page\" data-elementor-id=\"2642\" class=\"elementor elementor-2642\" data-elementor-post-type=\"page\">\n\t\t\t\t\t\t<section class=\"elementor-section elementor-top-section elementor-element elementor-element-e17e3e2 elementor-section-stretched elementor-section-boxed elementor-section-height-default elementor-section-height-default\" data-id=\"e17e3e2\" data-element_type=\"section\" data-settings=\"{&quot;stretch_section&quot;:&quot;section-stretched&quot;}\">\n\t\t\t\t\t\t<div class=\"elementor-container elementor-column-gap-default\">\n\t\t\t\t\t<div class=\"elementor-column elementor-col-100 elementor-top-column elementor-element elementor-element-a8f9107\" data-id=\"a8f9107\" data-element_type=\"column\">\n\t\t\t<div class=\"elementor-widget-wrap elementor-element-populated\">\n\t\t\t\t\t\t<div class=\"elementor-element elementor-element-d018d38 eael-fluentform-form-button-custom elementor-widget elementor-widget-eael-fluentform\" data-id=\"d018d38\" data-element_type=\"widget\" data-widget_type=\"eael-fluentform.default\">\n\t\t\t\t<div class=\"elementor-widget-container\">\n\t\t\t\t\t        <div class=\"eael-contact-form eael-fluent-form-wrapper clearfix eael-contact-form-align-center\">\n\n                            <div class=\"eael-fluentform-heading\">\n                                            <h3 class=\"eael-contact-form-title eael-fluentform-title\">\n                            Contact                        <\/h3>\n                                                                <div class=\"eael-contact-form-description eael-fluentform-description\">\n                            Pour toutes informations n&rsquo;h\u00e9sitez pas \u00e0 nous contacter. Nous nous engageons \u00e0 r\u00e9pondre \u00e0 vos messages dans les plus brefs d\u00e9lais.                        <\/div>\n                                    <\/div>\n            \n            <div class='fluentform ff-default fluentform_wrapper_3 ffs_default_wrap'><form data-form_id=\"3\" id=\"fluentform_3\" class=\"frm-fluent-form fluent_form_3 ff-el-form-top ff_form_instance_3_1 ff-form-loading ffs_default\" data-form_instance=\"ff_form_instance_3_1\" method=\"POST\" ><fieldset  style=\"border: none!important;margin: 0!important;padding: 0!important;background-color: transparent!important;box-shadow: none!important;outline: none!important; min-inline-size: 100%;\">\n                    <legend class=\"ff_screen_reader_title\" style=\"display: block; margin: 0!important;padding: 0!important;height: 0!important;text-indent: -999999px;width: 0!important;overflow:hidden;\">Contact<\/legend><p style=\"display: none !important;\" class=\"akismet-fields-container\" data-prefix=\"ak_\"><label>&#916;<textarea name=\"ak_hp_textarea\" cols=\"45\" rows=\"8\" maxlength=\"100\"><\/textarea><\/label><input type=\"hidden\" id=\"ak_js_1\" name=\"ak_js\" value=\"178\"\/><script>document.getElementById( \"ak_js_1\" ).setAttribute( \"value\", ( new Date() ).getTime() );<\/script><\/p>        <div\n                style=\"display: none!important; position: absolute!important; transform: translateX(1000%)!important;\"\n                class=\"ff-el-group ff-hpsf-container\"\n        >\n            <div class=\"ff-el-input--label asterisk-right\">\n                <label for=\"ff_3_item_sf\" aria-label=\"Contact\">\n                    Contact                <\/label>\n            <\/div>\n            <div class=\"ff-el-input--content\">\n                <input type=\"text\"\n                       name=\"item_3__fluent_sf\"\n                       class=\"ff-el-form-control\"\n                       id=\"ff_3_item_sf\"\n                \/>\n            <\/div>\n        <\/div>\n                <input type=\"hidden\" id=\"__fluent_protection_token_3\" class=\"fluent-form-token-field\" name=\"__fluent_protection_token_3\">\n        <input type='hidden' name='__fluent_form_embded_post_id' value='2642' \/><input type=\"hidden\" id=\"_fluentform_3_fluentformnonce\" name=\"_fluentform_3_fluentformnonce\" value=\"39ac9699d6\" \/><input type=\"hidden\" name=\"_wp_http_referer\" value=\"\/en\/wp-json\/wp\/v2\/pages\/2642\" \/><div data-type=\"name-element\" data-name=\"names\" class=\" ff-field_container ff-name-field-wrapper\" ><div class='ff-t-container'><div class='ff-t-cell '><div class='ff-el-group ff-el-form-top'><div class=\"ff-el-input--label ff-el-is-required asterisk-right\"><label for='ff_3_names_first_name_' id='label_ff_3_names_first_name_' >Pr\u00e9nom<\/label><\/div><div class='ff-el-input--content'><input type=\"text\" name=\"names[first_name]\" id=\"ff_3_names_first_name_\" class=\"ff-el-form-control\" placeholder=\"Pr\u00e9nom\" aria-invalid=\"false\" aria-required=true><\/div><\/div><\/div><div class='ff-t-cell '><div class='ff-el-group ff-el-form-top'><div class=\"ff-el-input--label ff-el-is-required asterisk-right\"><label for='ff_3_names_last_name_' id='label_ff_3_names_last_name_' >Nom<\/label><\/div><div class='ff-el-input--content'><input type=\"text\" name=\"names[last_name]\" id=\"ff_3_names_last_name_\" class=\"ff-el-form-control\" placeholder=\"Nom\" aria-invalid=\"false\" aria-required=true><\/div><\/div><\/div><\/div><\/div><div class='ff-el-group'><div class=\"ff-el-input--label ff-el-is-required asterisk-right\"><label for='ff_3_email' id='label_ff_3_email' aria-label=\"E-mail\">E-mail<\/label><\/div><div class='ff-el-input--content'><input type=\"email\" name=\"email\" id=\"ff_3_email\" class=\"ff-el-form-control\" placeholder=\"Email \" data-name=\"email\"  aria-invalid=\"false\" aria-required=true><\/div><\/div><div class='ff-el-group'><div class=\"ff-el-input--label asterisk-right\"><label for='ff_3_input_text' id='label_ff_3_input_text' aria-label=\"Votre message\">Votre message<\/label><\/div><div class='ff-el-input--content'><input type=\"text\" name=\"input_text\" class=\"ff-el-form-control\" data-name=\"input_text\" id=\"ff_3_input_text\"  aria-invalid=\"false\" aria-required=false><\/div><\/div><div class='ff-el-group ff-text-left ff_submit_btn_wrapper'><button type=\"submit\" class=\"ff-btn ff-btn-submit ff-btn-md ff_btn_style wpf_has_custom_css\"  aria-label=\"Envoyer\">Envoyer<\/button><\/div><\/fieldset><\/form><div id='fluentform_3_errors' class='ff-errors-in-stack ff_form_instance_3_1 ff-form-loading_errors ff_form_instance_3_1_errors'><\/div><\/div>            <script type=\"text\/javascript\">\n                window.fluent_form_ff_form_instance_3_1 = {\"id\":\"3\",\"settings\":{\"layout\":{\"labelPlacement\":\"top\",\"helpMessagePlacement\":\"with_label\",\"errorMessagePlacement\":\"inline\",\"cssClassName\":\"\",\"asteriskPlacement\":\"asterisk-right\"},\"restrictions\":{\"denyEmptySubmission\":{\"enabled\":false}}},\"form_instance\":\"ff_form_instance_3_1\",\"form_id_selector\":\"fluentform_3\",\"rules\":{\"names[first_name]\":{\"required\":{\"value\":true,\"message\":\"Ce champ est obligatoire\",\"global_message\":\"Ce champ est obligatoire\",\"global\":true}},\"names[middle_name]\":{\"required\":{\"value\":false,\"message\":\"Ce champ est obligatoire\",\"global_message\":\"Ce champ est obligatoire\",\"global\":true}},\"names[last_name]\":{\"required\":{\"value\":true,\"message\":\"Ce champ est obligatoire\",\"global_message\":\"Ce champ est obligatoire\",\"global\":true}},\"email\":{\"required\":{\"value\":true,\"message\":\"Ce champ est obligatoire\",\"global_message\":\"Ce champ est obligatoire\",\"global\":true},\"email\":{\"value\":true,\"message\":\"Ce champ doit contenir un e-mail valide\",\"global_message\":\"Ce champ doit contenir un e-mail valide\",\"global\":true}},\"input_text\":{\"required\":{\"value\":false,\"message\":\"Ce champ est obligatoire\",\"global_message\":\"Ce champ est obligatoire\",\"global\":true}}},\"debounce_time\":300};\n                            <\/script>\n                    <\/div>\n\n        \t\t\t\t<\/div>\n\t\t\t\t<\/div>\n\t\t\t\t\t<\/div>\n\t\t<\/div>\n\t\t\t\t\t<\/div>\n\t\t<\/section>\n\t\t\t\t<\/div>\n\t\t","protected":false},"excerpt":{"rendered":"<p>Contact Pour toutes informations n&rsquo;h\u00e9sitez pas \u00e0 nous contacter. Nous nous engageons \u00e0 r\u00e9pondre \u00e0 vos messages dans les plus brefs d\u00e9lais. Contact &#916; Pr\u00e9nomNomE-mailVotre messageEnvoyer<\/p>","protected":false},"author":1904,"featured_media":0,"parent":0,"menu_order":0,"comment_status":"closed","ping_status":"closed","template":"","meta":{"_eb_attr":"","footnotes":""},"class_list":["post-2642","page","type-page","status-publish","hentry"],"yoast_head":"<!-- This site is optimized with the Yoast SEO plugin v27.4 - https:\/\/yoast.com\/product\/yoast-seo-wordpress\/ -->\n<title>Contactez-Nous : Ensemble pour l&#039;Innovation en Sant\u00e9 - CYROI<\/title>\n<meta name=\"description\" content=\"Contactez le GIP CYROI pour toute question sur nos projets en sant\u00e9 et biotechnologies. Nous sommes l\u00e0 pour vous aider et vous informer.\" \/>\n<meta name=\"robots\" content=\"index, follow, max-snippet:-1, max-image-preview:large, max-video-preview:-1\" \/>\n<link rel=\"canonical\" href=\"https:\/\/cyroi.re\/en\/contact\/\" \/>\n<meta property=\"og:locale\" content=\"en_US\" \/>\n<meta property=\"og:type\" content=\"article\" \/>\n<meta property=\"og:title\" content=\"Contactez-Nous : Ensemble pour l&#039;Innovation en Sant\u00e9 - CYROI\" \/>\n<meta property=\"og:description\" content=\"Contactez le GIP CYROI pour toute question sur nos projets en sant\u00e9 et biotechnologies. Nous sommes l\u00e0 pour vous aider et vous informer.\" \/>\n<meta property=\"og:url\" content=\"https:\/\/cyroi.re\/en\/contact\/\" \/>\n<meta property=\"og:site_name\" content=\"CYROI\" \/>\n<meta property=\"article:publisher\" content=\"https:\/\/www.facebook.com\/profile.php?id=100066913282100\" \/>\n<meta property=\"article:modified_time\" content=\"2025-11-05T11:49:09+00:00\" \/>\n<meta name=\"twitter:label1\" content=\"Est. reading time\" \/>\n\t<meta name=\"twitter:data1\" content=\"1 minute\" \/>\n<script type=\"application\/ld+json\" class=\"yoast-schema-graph\">{\"@context\":\"https:\\\/\\\/schema.org\",\"@graph\":[{\"@type\":\"WebPage\",\"@id\":\"https:\\\/\\\/cyroi.re\\\/contact\\\/\",\"url\":\"https:\\\/\\\/cyroi.re\\\/contact\\\/\",\"name\":\"Contactez-Nous : Ensemble pour l'Innovation en Sant\u00e9 - CYROI\",\"isPartOf\":{\"@id\":\"https:\\\/\\\/cyroi.re\\\/#website\"},\"datePublished\":\"2024-08-27T07:20:14+00:00\",\"dateModified\":\"2025-11-05T11:49:09+00:00\",\"description\":\"Contactez le GIP CYROI pour toute question sur nos projets en sant\u00e9 et biotechnologies. Nous sommes l\u00e0 pour vous aider et vous informer.\",\"breadcrumb\":{\"@id\":\"https:\\\/\\\/cyroi.re\\\/contact\\\/#breadcrumb\"},\"inLanguage\":\"en-US\",\"potentialAction\":[{\"@type\":\"ReadAction\",\"target\":[\"https:\\\/\\\/cyroi.re\\\/contact\\\/\"]}]},{\"@type\":\"BreadcrumbList\",\"@id\":\"https:\\\/\\\/cyroi.re\\\/contact\\\/#breadcrumb\",\"itemListElement\":[{\"@type\":\"ListItem\",\"position\":1,\"name\":\"Accueil\",\"item\":\"https:\\\/\\\/cyroi.re\\\/\"},{\"@type\":\"ListItem\",\"position\":2,\"name\":\"Contact\"}]},{\"@type\":\"WebSite\",\"@id\":\"https:\\\/\\\/cyroi.re\\\/#website\",\"url\":\"https:\\\/\\\/cyroi.re\\\/\",\"name\":\"CYROI\",\"description\":\"\",\"publisher\":{\"@id\":\"https:\\\/\\\/cyroi.re\\\/#organization\"},\"potentialAction\":[{\"@type\":\"SearchAction\",\"target\":{\"@type\":\"EntryPoint\",\"urlTemplate\":\"https:\\\/\\\/cyroi.re\\\/?s={search_term_string}\"},\"query-input\":{\"@type\":\"PropertyValueSpecification\",\"valueRequired\":true,\"valueName\":\"search_term_string\"}}],\"inLanguage\":\"en-US\"},{\"@type\":\"Organization\",\"@id\":\"https:\\\/\\\/cyroi.re\\\/#organization\",\"name\":\"CYROI\",\"url\":\"https:\\\/\\\/cyroi.re\\\/\",\"logo\":{\"@type\":\"ImageObject\",\"inLanguage\":\"en-US\",\"@id\":\"https:\\\/\\\/cyroi.re\\\/#\\\/schema\\\/logo\\\/image\\\/\",\"url\":\"https:\\\/\\\/cyroi.re\\\/wp-content\\\/uploads\\\/2024\\\/08\\\/Design-sans-titre2.svg\",\"contentUrl\":\"https:\\\/\\\/cyroi.re\\\/wp-content\\\/uploads\\\/2024\\\/08\\\/Design-sans-titre2.svg\",\"width\":375,\"height\":157,\"caption\":\"CYROI\"},\"image\":{\"@id\":\"https:\\\/\\\/cyroi.re\\\/#\\\/schema\\\/logo\\\/image\\\/\"},\"sameAs\":[\"https:\\\/\\\/www.facebook.com\\\/profile.php?id=100066913282100\",\"https:\\\/\\\/x.com\\\/GIP_CYROI\",\"https:\\\/\\\/www.linkedin.com\\\/company\\\/gip-cyroi\"]}]}<\/script>\n<!-- \/ Yoast SEO plugin. -->","yoast_head_json":{"title":"Contactez-Nous : Ensemble pour l'Innovation en Sant\u00e9 - CYROI","description":"Contactez le GIP CYROI pour toute question sur nos projets en sant\u00e9 et biotechnologies. Nous sommes l\u00e0 pour vous aider et vous informer.","robots":{"index":"index","follow":"follow","max-snippet":"max-snippet:-1","max-image-preview":"max-image-preview:large","max-video-preview":"max-video-preview:-1"},"canonical":"https:\/\/cyroi.re\/en\/contact\/","og_locale":"en_US","og_type":"article","og_title":"Contactez-Nous : Ensemble pour l'Innovation en Sant\u00e9 - CYROI","og_description":"Contactez le GIP CYROI pour toute question sur nos projets en sant\u00e9 et biotechnologies. Nous sommes l\u00e0 pour vous aider et vous informer.","og_url":"https:\/\/cyroi.re\/en\/contact\/","og_site_name":"CYROI","article_publisher":"https:\/\/www.facebook.com\/profile.php?id=100066913282100","article_modified_time":"2025-11-05T11:49:09+00:00","twitter_misc":{"Est. reading time":"1 minute"},"schema":{"@context":"https:\/\/schema.org","@graph":[{"@type":"WebPage","@id":"https:\/\/cyroi.re\/contact\/","url":"https:\/\/cyroi.re\/contact\/","name":"Contactez-Nous : Ensemble pour l'Innovation en Sant\u00e9 - CYROI","isPartOf":{"@id":"https:\/\/cyroi.re\/#website"},"datePublished":"2024-08-27T07:20:14+00:00","dateModified":"2025-11-05T11:49:09+00:00","description":"Contactez le GIP CYROI pour toute question sur nos projets en sant\u00e9 et biotechnologies. Nous sommes l\u00e0 pour vous aider et vous informer.","breadcrumb":{"@id":"https:\/\/cyroi.re\/contact\/#breadcrumb"},"inLanguage":"en-US","potentialAction":[{"@type":"ReadAction","target":["https:\/\/cyroi.re\/contact\/"]}]},{"@type":"BreadcrumbList","@id":"https:\/\/cyroi.re\/contact\/#breadcrumb","itemListElement":[{"@type":"ListItem","position":1,"name":"Accueil","item":"https:\/\/cyroi.re\/"},{"@type":"ListItem","position":2,"name":"Contact"}]},{"@type":"WebSite","@id":"https:\/\/cyroi.re\/#website","url":"https:\/\/cyroi.re\/","name":"CYROI","description":"","publisher":{"@id":"https:\/\/cyroi.re\/#organization"},"potentialAction":[{"@type":"SearchAction","target":{"@type":"EntryPoint","urlTemplate":"https:\/\/cyroi.re\/?s={search_term_string}"},"query-input":{"@type":"PropertyValueSpecification","valueRequired":true,"valueName":"search_term_string"}}],"inLanguage":"en-US"},{"@type":"Organization","@id":"https:\/\/cyroi.re\/#organization","name":"CYROI","url":"https:\/\/cyroi.re\/","logo":{"@type":"ImageObject","inLanguage":"en-US","@id":"https:\/\/cyroi.re\/#\/schema\/logo\/image\/","url":"https:\/\/cyroi.re\/wp-content\/uploads\/2024\/08\/Design-sans-titre2.svg","contentUrl":"https:\/\/cyroi.re\/wp-content\/uploads\/2024\/08\/Design-sans-titre2.svg","width":375,"height":157,"caption":"CYROI"},"image":{"@id":"https:\/\/cyroi.re\/#\/schema\/logo\/image\/"},"sameAs":["https:\/\/www.facebook.com\/profile.php?id=100066913282100","https:\/\/x.com\/GIP_CYROI","https:\/\/www.linkedin.com\/company\/gip-cyroi"]}]}},"_links":{"self":[{"href":"https:\/\/cyroi.re\/en\/wp-json\/wp\/v2\/pages\/2642","targetHints":{"allow":["GET"]}}],"collection":[{"href":"https:\/\/cyroi.re\/en\/wp-json\/wp\/v2\/pages"}],"about":[{"href":"https:\/\/cyroi.re\/en\/wp-json\/wp\/v2\/types\/page"}],"author":[{"embeddable":true,"href":"https:\/\/cyroi.re\/en\/wp-json\/wp\/v2\/users\/1904"}],"replies":[{"embeddable":true,"href":"https:\/\/cyroi.re\/en\/wp-json\/wp\/v2\/comments?post=2642"}],"version-history":[{"count":25,"href":"https:\/\/cyroi.re\/en\/wp-json\/wp\/v2\/pages\/2642\/revisions"}],"predecessor-version":[{"id":7394,"href":"https:\/\/cyroi.re\/en\/wp-json\/wp\/v2\/pages\/2642\/revisions\/7394"}],"wp:attachment":[{"href":"https:\/\/cyroi.re\/en\/wp-json\/wp\/v2\/media?parent=2642"}],"curies":[{"name":"wp","href":"https:\/\/api.w.org\/{rel}","templated":true}]}}