{"id":2508,"date":"2024-07-29T11:35:42","date_gmt":"2024-07-29T10:35:42","guid":{"rendered":"https:\/\/cyroi.re\/?page_id=2508"},"modified":"2025-11-17T12:27:04","modified_gmt":"2025-11-17T11:27:04","slug":"nous-rejoindre","status":"publish","type":"page","link":"https:\/\/cyroi.re\/en\/nous-rejoindre\/","title":{"rendered":"Join us"},"content":{"rendered":"<div data-elementor-type=\"wp-page\" data-elementor-id=\"2508\" class=\"elementor elementor-2508\" data-elementor-post-type=\"page\">\n\t\t\t\t\t\t<section class=\"elementor-section elementor-top-section elementor-element elementor-element-19ff9c21 elementor-section-full_width elementor-section-stretched elementor-section-height-default elementor-section-height-default\" data-id=\"19ff9c21\" data-element_type=\"section\" data-settings=\"{&quot;background_background&quot;:&quot;classic&quot;,&quot;stretch_section&quot;:&quot;section-stretched&quot;}\">\n\t\t\t\t\t\t\t<div class=\"elementor-background-overlay\"><\/div>\n\t\t\t\t\t\t\t<div class=\"elementor-container elementor-column-gap-default\">\n\t\t\t\t\t<div class=\"elementor-column elementor-col-100 elementor-top-column elementor-element elementor-element-5d413df5\" data-id=\"5d413df5\" data-element_type=\"column\">\n\t\t\t<div class=\"elementor-widget-wrap elementor-element-populated\">\n\t\t\t\t\t\t<div class=\"elementor-element elementor-element-2807fc5 elementor-widget__width-initial elementor-widget elementor-widget-heading\" data-id=\"2807fc5\" data-element_type=\"widget\" data-widget_type=\"heading.default\">\n\t\t\t\t<div class=\"elementor-widget-container\">\n\t\t\t\t\t<h2 class=\"elementor-heading-title elementor-size-default\">Rejoignez le CYROI : emplois au c\u0153ur des biotechnologies\n<\/h2>\t\t\t\t<\/div>\n\t\t\t\t<\/div>\n\t\t\t\t\t<\/div>\n\t\t<\/div>\n\t\t\t\t\t<\/div>\n\t\t<\/section>\n\t\t\t\t<section class=\"elementor-section elementor-top-section elementor-element elementor-element-42742ac elementor-section-full_width elementor-section-stretched elementor-section-height-default elementor-section-height-default\" data-id=\"42742ac\" data-element_type=\"section\" data-settings=\"{&quot;stretch_section&quot;:&quot;section-stretched&quot;}\">\n\t\t\t\t\t\t<div class=\"elementor-container elementor-column-gap-default\">\n\t\t\t\t\t<div class=\"elementor-column elementor-col-100 elementor-top-column elementor-element elementor-element-4f9dd27\" data-id=\"4f9dd27\" data-element_type=\"column\">\n\t\t\t<div class=\"elementor-widget-wrap elementor-element-populated\">\n\t\t\t\t\t\t<div class=\"elementor-element elementor-element-fa31153 elementor-grid-eael-col-4 elementor-grid-tablet-eael-col-2 elementor-grid-mobile-eael-col-1 elementor-widget elementor-widget-eael-post-grid\" data-id=\"fa31153\" data-element_type=\"widget\" data-settings=\"{&quot;eael_post_grid_columns&quot;:&quot;eael-col-4&quot;,&quot;eael_post_grid_columns_tablet&quot;:&quot;eael-col-2&quot;,&quot;eael_post_grid_columns_mobile&quot;:&quot;eael-col-1&quot;}\" data-widget_type=\"eael-post-grid.default\">\n\t\t\t\t<div class=\"elementor-widget-container\">\n\t\t\t\t\t<div id=\"eael-post-grid-fa31153\" class=\"eael-post-grid-container\">\n            <div class=\"eael-post-grid eael-post-appender eael-post-appender-fa31153 eael-post-grid-style-one\" data-layout-mode=\"masonry\"><article class=\"eael-grid-post eael-post-grid-column\" data-id=\"8046\">\n        <div class=\"eael-grid-post-holder\">\n            <div class=\"eael-grid-post-holder-inner\"><div class=\"eael-entry-media\"><div class=\"eael-entry-overlay fade-in\"><i class=\"fas fa-long-arrow-alt-right\" aria-hidden=\"true\"><\/i><a href=\"https:\/\/cyroi.re\/en\/offre-demploi-ingenieur-de-recherche-en-imagerie-preclinique-h-f\/\"rel=\"nofollow\"target=\"_blank\"><\/a><\/div><div class=\"eael-entry-thumbnail\">\n                <img fetchpriority=\"high\" decoding=\"async\" width=\"300\" height=\"300\" src=\"https:\/\/cyroi.re\/wp-content\/uploads\/2026\/04\/Preclinique-300x300.jpg\" class=\"attachment-medium size-medium wp-image-8047\" alt=\"\" srcset=\"https:\/\/cyroi.re\/wp-content\/uploads\/2026\/04\/Preclinique-300x300.jpg 300w, https:\/\/cyroi.re\/wp-content\/uploads\/2026\/04\/Preclinique-150x150.jpg 150w, https:\/\/cyroi.re\/wp-content\/uploads\/2026\/04\/Preclinique-768x768.jpg 768w, https:\/\/cyroi.re\/wp-content\/uploads\/2026\/04\/Preclinique.jpg 1024w\" sizes=\"(max-width: 300px) 100vw, 300px\" \/>\n            <\/div>\n        <\/div><div class=\"eael-entry-wrapper\"><header class=\"eael-entry-header\"><h3 class=\"eael-entry-title\"><a class=\"eael-grid-post-link\" href=\"https:\/\/cyroi.re\/en\/offre-demploi-ingenieur-de-recherche-en-imagerie-preclinique-h-f\/\" title=\"Offre d&#8217;emploi &#8211; Ing\u00e9nieur de Recherche en Imagerie Pr\u00e9clinique (H\/F)\">Offre d&#8217;emploi &#8211; Ing\u00e9nieur de Recherche en Imagerie Pr\u00e9clinique (H\/F)<\/a><\/h3><\/header><div class=\"eael-entry-content\">\n                        <div class=\"eael-grid-post-excerpt\"><p>Le GIP CYROI renforce ses \u00e9quipes et recrute un(e) Ing\u00e9nieur(e) de Recherche en Imagerie Pr\u00e9clinique au sein de son unit\u00e9...<\/p><a href=\"https:\/\/cyroi.re\/en\/offre-demploi-ingenieur-de-recherche-en-imagerie-preclinique-h-f\/\" class=\"eael-post-elements-readmore-btn\">Learn more<\/a><\/div>\n                    <\/div><\/div><\/div>\n        <\/div>\n    <\/article><article class=\"eael-grid-post eael-post-grid-column\" data-id=\"8039\">\n        <div class=\"eael-grid-post-holder\">\n            <div class=\"eael-grid-post-holder-inner\"><div class=\"eael-entry-media\"><div class=\"eael-entry-overlay fade-in\"><i class=\"fas fa-long-arrow-alt-right\" aria-hidden=\"true\"><\/i><a href=\"https:\/\/cyroi.re\/en\/offre-demploi-ingenieure-de-recherche-chimie-analytique\/\"rel=\"nofollow\"target=\"_blank\"><\/a><\/div><div class=\"eael-entry-thumbnail\">\n                <img decoding=\"async\" width=\"300\" height=\"300\" src=\"https:\/\/cyroi.re\/wp-content\/uploads\/2026\/04\/Chimie-Analytique-300x300.jpg\" class=\"attachment-medium size-medium wp-image-8051\" alt=\"\" srcset=\"https:\/\/cyroi.re\/wp-content\/uploads\/2026\/04\/Chimie-Analytique-300x300.jpg 300w, https:\/\/cyroi.re\/wp-content\/uploads\/2026\/04\/Chimie-Analytique-150x150.jpg 150w, https:\/\/cyroi.re\/wp-content\/uploads\/2026\/04\/Chimie-Analytique-768x768.jpg 768w, https:\/\/cyroi.re\/wp-content\/uploads\/2026\/04\/Chimie-Analytique.jpg 1024w\" sizes=\"(max-width: 300px) 100vw, 300px\" \/>\n            <\/div>\n        <\/div><div class=\"eael-entry-wrapper\"><header class=\"eael-entry-header\"><h3 class=\"eael-entry-title\"><a class=\"eael-grid-post-link\" href=\"https:\/\/cyroi.re\/en\/offre-demploi-ingenieure-de-recherche-chimie-analytique\/\" title=\"Offre d&#8217;emploi &#8211; Ing\u00e9nieur(e) de Recherche \u2013 Chimie analytique\">Offre d&#8217;emploi &#8211; Ing\u00e9nieur(e) de Recherche \u2013 Chimie analytique<\/a><\/h3><\/header><div class=\"eael-entry-content\">\n                        <div class=\"eael-grid-post-excerpt\"><p>Le GIP CYROI, acteur majeur de la recherche et de l\u2019innovation en sant\u00e9 et biotechnologies dans l\u2019oc\u00e9an Indien, recrute un\u00b7e...<\/p><a href=\"https:\/\/cyroi.re\/en\/offre-demploi-ingenieure-de-recherche-chimie-analytique\/\" class=\"eael-post-elements-readmore-btn\">Learn more<\/a><\/div>\n                    <\/div><\/div><\/div>\n        <\/div>\n    <\/article><article class=\"eael-grid-post eael-post-grid-column\" data-id=\"7961\">\n        <div class=\"eael-grid-post-holder\">\n            <div class=\"eael-grid-post-holder-inner\"><div class=\"eael-entry-media\"><div class=\"eael-entry-overlay fade-in\"><i class=\"fas fa-long-arrow-alt-right\" aria-hidden=\"true\"><\/i><a href=\"https:\/\/cyroi.re\/en\/offre-demploi-assistant-ingenieur-in-vitro-h-f\/\"rel=\"nofollow\"target=\"_blank\"><\/a><\/div><div class=\"eael-entry-thumbnail\">\n                <img decoding=\"async\" width=\"256\" height=\"256\" src=\"https:\/\/cyroi.re\/wp-content\/uploads\/2025\/10\/icon2.png\" class=\"attachment-medium size-medium wp-image-7229\" alt=\"\" srcset=\"https:\/\/cyroi.re\/wp-content\/uploads\/2025\/10\/icon2.png 256w, https:\/\/cyroi.re\/wp-content\/uploads\/2025\/10\/icon2-150x150.png 150w\" sizes=\"(max-width: 256px) 100vw, 256px\" \/>\n            <\/div>\n        <\/div><div class=\"eael-entry-wrapper\"><header class=\"eael-entry-header\"><h3 class=\"eael-entry-title\"><a class=\"eael-grid-post-link\" href=\"https:\/\/cyroi.re\/en\/offre-demploi-assistant-ingenieur-in-vitro-h-f\/\" title=\"Offre d&#8217;emploi &#8211; Assistant ing\u00e9nieur In vitro (H\/F)\">Offre d&#8217;emploi &#8211; Assistant ing\u00e9nieur In vitro (H\/F)<\/a><\/h3><\/header><div class=\"eael-entry-content\">\n                        <div class=\"eael-grid-post-excerpt\"><p>Le GIP CYROI recrute un\u00b7e Assistant ing\u00e9nieur In vitro afin de renforcer les activit\u00e9s de son unit\u00e9 d\u00e9di\u00e9e aux \u00e9tudes...<\/p><a href=\"https:\/\/cyroi.re\/en\/offre-demploi-assistant-ingenieur-in-vitro-h-f\/\" class=\"eael-post-elements-readmore-btn\">Learn more<\/a><\/div>\n                    <\/div><\/div><\/div>\n        <\/div>\n    <\/article><article class=\"eael-grid-post eael-post-grid-column\" data-id=\"7591\">\n        <div class=\"eael-grid-post-holder\">\n            <div class=\"eael-grid-post-holder-inner\"><div class=\"eael-entry-media\"><div class=\"eael-entry-overlay fade-in\"><i class=\"fas fa-long-arrow-alt-right\" aria-hidden=\"true\"><\/i><a href=\"https:\/\/cyroi.re\/en\/offre-demploi-ingenieur%c2%b7e-en-formulation-junior-cosmetologie-et-produits-dhygiene\/\"rel=\"nofollow\"target=\"_blank\"><\/a><\/div><div class=\"eael-entry-thumbnail\">\n                <img loading=\"lazy\" decoding=\"async\" width=\"256\" height=\"256\" src=\"https:\/\/cyroi.re\/wp-content\/uploads\/2025\/12\/icone-formulation.png\" class=\"attachment-medium size-medium wp-image-7594\" alt=\"\" srcset=\"https:\/\/cyroi.re\/wp-content\/uploads\/2025\/12\/icone-formulation.png 256w, https:\/\/cyroi.re\/wp-content\/uploads\/2025\/12\/icone-formulation-150x150.png 150w\" sizes=\"(max-width: 256px) 100vw, 256px\" \/>\n            <\/div>\n        <\/div><div class=\"eael-entry-wrapper\"><header class=\"eael-entry-header\"><h3 class=\"eael-entry-title\"><a class=\"eael-grid-post-link\" href=\"https:\/\/cyroi.re\/en\/offre-demploi-ingenieur%c2%b7e-en-formulation-junior-cosmetologie-et-produits-dhygiene\/\" title=\"Offre d\u2019emploi \u2013 Ing\u00e9nieur\u00b7e en formulation junior \u2013 Cosm\u00e9tologie et produits d\u2019hygi\u00e8ne\">Offre d\u2019emploi \u2013 Ing\u00e9nieur\u00b7e en formulation junior \u2013 Cosm\u00e9tologie et produits d\u2019hygi\u00e8ne<\/a><\/h3><\/header><div class=\"eael-entry-content\">\n                        <div class=\"eael-grid-post-excerpt\"><p>Le CYROI recrute un\u00b7e ing\u00e9nieur\u00b7e en formulation pour lancer une nouvelle unit\u00e9 d\u00e9di\u00e9e \u00e0 la R&D cosm\u00e9tique. Un poste cl\u00e9...<\/p><a href=\"https:\/\/cyroi.re\/en\/offre-demploi-ingenieur%c2%b7e-en-formulation-junior-cosmetologie-et-produits-dhygiene\/\" class=\"eael-post-elements-readmore-btn\">Learn more<\/a><\/div>\n                    <\/div><\/div><\/div>\n        <\/div>\n    <\/article><\/div>\n            <div class=\"clearfix\"><\/div>\n        <\/div>\t\t\t\t<\/div>\n\t\t\t\t<\/div>\n\t\t\t\t\t<\/div>\n\t\t<\/div>\n\t\t\t\t\t<\/div>\n\t\t<\/section>\n\t\t\t\t<\/div>","protected":false},"excerpt":{"rendered":"<p>Rejoignez le CYROI : emplois au c\u0153ur des biotechnologies Le CYROI recrute un\u00b7e Ing\u00e9nieur\u00b7e Qualiticien\u00b7ne pour le projet Tr\u00e9tZerbaj et sa d\u00e9marche qualit\u00e9 Ing\u00e9nieur\u00b7e Qualiticien\u00b7ne Projet Tr\u00e9tZerbaj &#038; D\u00e9marche Qualit\u00e9 &#8211; GIP CYROI CDD 12 mois renouvelable Saint-Denis, La R\u00e9union D\u00e9marrage d\u00e8s que&#8230; En savoir plus Offre d\u2019emploi \u2013 Ing\u00e9nieur de Projets Europ\u00e9ens Nous recrutons [&hellip;]<\/p>\n","protected":false},"author":1904,"featured_media":0,"parent":0,"menu_order":0,"comment_status":"closed","ping_status":"closed","template":"","meta":{"_eb_attr":"","footnotes":""},"class_list":["post-2508","page","type-page","status-publish","hentry"],"yoast_head":"<!-- This site is optimized with the Yoast SEO plugin v27.4 - https:\/\/yoast.com\/product\/yoast-seo-wordpress\/ -->\n<title>Rejoingnez l&#039;\u00e9quipe du GIP CYROI - CYROI<\/title>\n<meta name=\"description\" content=\"Rejoignez l&#039;\u00e9quipe du GIP CYROI, p\u00f4le d&#039;innovation en sant\u00e9 et biotechnologies \u00e0 La R\u00e9union. D\u00e9couvrez nos offres d&#039;emploi et de stages pour contribuer \u00e0 nos projets.\" \/>\n<meta name=\"robots\" content=\"index, follow, max-snippet:-1, max-image-preview:large, max-video-preview:-1\" \/>\n<link rel=\"canonical\" href=\"https:\/\/cyroi.re\/en\/nous-rejoindre\/\" \/>\n<meta property=\"og:locale\" content=\"en_US\" \/>\n<meta property=\"og:type\" content=\"article\" \/>\n<meta property=\"og:title\" content=\"Rejoingnez l&#039;\u00e9quipe du GIP CYROI - CYROI\" \/>\n<meta property=\"og:description\" content=\"Rejoignez l&#039;\u00e9quipe du GIP CYROI, p\u00f4le d&#039;innovation en sant\u00e9 et biotechnologies \u00e0 La R\u00e9union. D\u00e9couvrez nos offres d&#039;emploi et de stages pour contribuer \u00e0 nos projets.\" \/>\n<meta property=\"og:url\" content=\"https:\/\/cyroi.re\/en\/nous-rejoindre\/\" \/>\n<meta property=\"og:site_name\" content=\"CYROI\" \/>\n<meta property=\"article:publisher\" content=\"https:\/\/www.facebook.com\/profile.php?id=100066913282100\" \/>\n<meta property=\"article:modified_time\" content=\"2025-11-17T11:27:04+00:00\" \/>\n<meta property=\"og:image\" content=\"https:\/\/cyroi.re\/wp-content\/uploads\/2025\/10\/icon2.png\" \/>\n<meta name=\"twitter:label1\" content=\"Est. reading time\" \/>\n\t<meta name=\"twitter:data1\" content=\"1 minute\" \/>\n<script type=\"application\/ld+json\" class=\"yoast-schema-graph\">{\"@context\":\"https:\\\/\\\/schema.org\",\"@graph\":[{\"@type\":\"WebPage\",\"@id\":\"https:\\\/\\\/cyroi.re\\\/nous-rejoindre\\\/\",\"url\":\"https:\\\/\\\/cyroi.re\\\/nous-rejoindre\\\/\",\"name\":\"Rejoingnez l'\u00e9quipe du GIP CYROI - CYROI\",\"isPartOf\":{\"@id\":\"https:\\\/\\\/cyroi.re\\\/#website\"},\"primaryImageOfPage\":{\"@id\":\"https:\\\/\\\/cyroi.re\\\/nous-rejoindre\\\/#primaryimage\"},\"image\":{\"@id\":\"https:\\\/\\\/cyroi.re\\\/nous-rejoindre\\\/#primaryimage\"},\"thumbnailUrl\":\"https:\\\/\\\/cyroi.re\\\/wp-content\\\/uploads\\\/2025\\\/10\\\/icon2.png\",\"datePublished\":\"2024-07-29T10:35:42+00:00\",\"dateModified\":\"2025-11-17T11:27:04+00:00\",\"description\":\"Rejoignez l'\u00e9quipe du GIP CYROI, p\u00f4le d'innovation en sant\u00e9 et biotechnologies \u00e0 La R\u00e9union. D\u00e9couvrez nos offres d'emploi et de stages pour contribuer \u00e0 nos projets.\",\"breadcrumb\":{\"@id\":\"https:\\\/\\\/cyroi.re\\\/nous-rejoindre\\\/#breadcrumb\"},\"inLanguage\":\"en-US\",\"potentialAction\":[{\"@type\":\"ReadAction\",\"target\":[\"https:\\\/\\\/cyroi.re\\\/nous-rejoindre\\\/\"]}]},{\"@type\":\"ImageObject\",\"inLanguage\":\"en-US\",\"@id\":\"https:\\\/\\\/cyroi.re\\\/nous-rejoindre\\\/#primaryimage\",\"url\":\"https:\\\/\\\/cyroi.re\\\/wp-content\\\/uploads\\\/2025\\\/10\\\/icon2.png\",\"contentUrl\":\"https:\\\/\\\/cyroi.re\\\/wp-content\\\/uploads\\\/2025\\\/10\\\/icon2.png\"},{\"@type\":\"BreadcrumbList\",\"@id\":\"https:\\\/\\\/cyroi.re\\\/nous-rejoindre\\\/#breadcrumb\",\"itemListElement\":[{\"@type\":\"ListItem\",\"position\":1,\"name\":\"Accueil\",\"item\":\"https:\\\/\\\/cyroi.re\\\/\"},{\"@type\":\"ListItem\",\"position\":2,\"name\":\"Nous rejoindre\"}]},{\"@type\":\"WebSite\",\"@id\":\"https:\\\/\\\/cyroi.re\\\/#website\",\"url\":\"https:\\\/\\\/cyroi.re\\\/\",\"name\":\"CYROI\",\"description\":\"\",\"publisher\":{\"@id\":\"https:\\\/\\\/cyroi.re\\\/#organization\"},\"potentialAction\":[{\"@type\":\"SearchAction\",\"target\":{\"@type\":\"EntryPoint\",\"urlTemplate\":\"https:\\\/\\\/cyroi.re\\\/?s={search_term_string}\"},\"query-input\":{\"@type\":\"PropertyValueSpecification\",\"valueRequired\":true,\"valueName\":\"search_term_string\"}}],\"inLanguage\":\"en-US\"},{\"@type\":\"Organization\",\"@id\":\"https:\\\/\\\/cyroi.re\\\/#organization\",\"name\":\"CYROI\",\"url\":\"https:\\\/\\\/cyroi.re\\\/\",\"logo\":{\"@type\":\"ImageObject\",\"inLanguage\":\"en-US\",\"@id\":\"https:\\\/\\\/cyroi.re\\\/#\\\/schema\\\/logo\\\/image\\\/\",\"url\":\"https:\\\/\\\/cyroi.re\\\/wp-content\\\/uploads\\\/2024\\\/08\\\/Design-sans-titre2.svg\",\"contentUrl\":\"https:\\\/\\\/cyroi.re\\\/wp-content\\\/uploads\\\/2024\\\/08\\\/Design-sans-titre2.svg\",\"width\":375,\"height\":157,\"caption\":\"CYROI\"},\"image\":{\"@id\":\"https:\\\/\\\/cyroi.re\\\/#\\\/schema\\\/logo\\\/image\\\/\"},\"sameAs\":[\"https:\\\/\\\/www.facebook.com\\\/profile.php?id=100066913282100\",\"https:\\\/\\\/x.com\\\/GIP_CYROI\",\"https:\\\/\\\/www.linkedin.com\\\/company\\\/gip-cyroi\"]}]}<\/script>\n<!-- \/ Yoast SEO plugin. -->","yoast_head_json":{"title":"Rejoingnez l'\u00e9quipe du GIP CYROI - CYROI","description":"Rejoignez l'\u00e9quipe du GIP CYROI, p\u00f4le d'innovation en sant\u00e9 et biotechnologies \u00e0 La R\u00e9union. D\u00e9couvrez nos offres d'emploi et de stages pour contribuer \u00e0 nos projets.","robots":{"index":"index","follow":"follow","max-snippet":"max-snippet:-1","max-image-preview":"max-image-preview:large","max-video-preview":"max-video-preview:-1"},"canonical":"https:\/\/cyroi.re\/en\/nous-rejoindre\/","og_locale":"en_US","og_type":"article","og_title":"Rejoingnez l'\u00e9quipe du GIP CYROI - CYROI","og_description":"Rejoignez l'\u00e9quipe du GIP CYROI, p\u00f4le d'innovation en sant\u00e9 et biotechnologies \u00e0 La R\u00e9union. D\u00e9couvrez nos offres d'emploi et de stages pour contribuer \u00e0 nos projets.","og_url":"https:\/\/cyroi.re\/en\/nous-rejoindre\/","og_site_name":"CYROI","article_publisher":"https:\/\/www.facebook.com\/profile.php?id=100066913282100","article_modified_time":"2025-11-17T11:27:04+00:00","og_image":[{"url":"https:\/\/cyroi.re\/wp-content\/uploads\/2025\/10\/icon2.png","type":"","width":"","height":""}],"twitter_misc":{"Est. reading time":"1 minute"},"schema":{"@context":"https:\/\/schema.org","@graph":[{"@type":"WebPage","@id":"https:\/\/cyroi.re\/nous-rejoindre\/","url":"https:\/\/cyroi.re\/nous-rejoindre\/","name":"Rejoingnez l'\u00e9quipe du GIP CYROI - CYROI","isPartOf":{"@id":"https:\/\/cyroi.re\/#website"},"primaryImageOfPage":{"@id":"https:\/\/cyroi.re\/nous-rejoindre\/#primaryimage"},"image":{"@id":"https:\/\/cyroi.re\/nous-rejoindre\/#primaryimage"},"thumbnailUrl":"https:\/\/cyroi.re\/wp-content\/uploads\/2025\/10\/icon2.png","datePublished":"2024-07-29T10:35:42+00:00","dateModified":"2025-11-17T11:27:04+00:00","description":"Rejoignez l'\u00e9quipe du GIP CYROI, p\u00f4le d'innovation en sant\u00e9 et biotechnologies \u00e0 La R\u00e9union. D\u00e9couvrez nos offres d'emploi et de stages pour contribuer \u00e0 nos projets.","breadcrumb":{"@id":"https:\/\/cyroi.re\/nous-rejoindre\/#breadcrumb"},"inLanguage":"en-US","potentialAction":[{"@type":"ReadAction","target":["https:\/\/cyroi.re\/nous-rejoindre\/"]}]},{"@type":"ImageObject","inLanguage":"en-US","@id":"https:\/\/cyroi.re\/nous-rejoindre\/#primaryimage","url":"https:\/\/cyroi.re\/wp-content\/uploads\/2025\/10\/icon2.png","contentUrl":"https:\/\/cyroi.re\/wp-content\/uploads\/2025\/10\/icon2.png"},{"@type":"BreadcrumbList","@id":"https:\/\/cyroi.re\/nous-rejoindre\/#breadcrumb","itemListElement":[{"@type":"ListItem","position":1,"name":"Accueil","item":"https:\/\/cyroi.re\/"},{"@type":"ListItem","position":2,"name":"Nous rejoindre"}]},{"@type":"WebSite","@id":"https:\/\/cyroi.re\/#website","url":"https:\/\/cyroi.re\/","name":"CYROI","description":"","publisher":{"@id":"https:\/\/cyroi.re\/#organization"},"potentialAction":[{"@type":"SearchAction","target":{"@type":"EntryPoint","urlTemplate":"https:\/\/cyroi.re\/?s={search_term_string}"},"query-input":{"@type":"PropertyValueSpecification","valueRequired":true,"valueName":"search_term_string"}}],"inLanguage":"en-US"},{"@type":"Organization","@id":"https:\/\/cyroi.re\/#organization","name":"CYROI","url":"https:\/\/cyroi.re\/","logo":{"@type":"ImageObject","inLanguage":"en-US","@id":"https:\/\/cyroi.re\/#\/schema\/logo\/image\/","url":"https:\/\/cyroi.re\/wp-content\/uploads\/2024\/08\/Design-sans-titre2.svg","contentUrl":"https:\/\/cyroi.re\/wp-content\/uploads\/2024\/08\/Design-sans-titre2.svg","width":375,"height":157,"caption":"CYROI"},"image":{"@id":"https:\/\/cyroi.re\/#\/schema\/logo\/image\/"},"sameAs":["https:\/\/www.facebook.com\/profile.php?id=100066913282100","https:\/\/x.com\/GIP_CYROI","https:\/\/www.linkedin.com\/company\/gip-cyroi"]}]}},"_links":{"self":[{"href":"https:\/\/cyroi.re\/en\/wp-json\/wp\/v2\/pages\/2508","targetHints":{"allow":["GET"]}}],"collection":[{"href":"https:\/\/cyroi.re\/en\/wp-json\/wp\/v2\/pages"}],"about":[{"href":"https:\/\/cyroi.re\/en\/wp-json\/wp\/v2\/types\/page"}],"author":[{"embeddable":true,"href":"https:\/\/cyroi.re\/en\/wp-json\/wp\/v2\/users\/1904"}],"replies":[{"embeddable":true,"href":"https:\/\/cyroi.re\/en\/wp-json\/wp\/v2\/comments?post=2508"}],"version-history":[{"count":35,"href":"https:\/\/cyroi.re\/en\/wp-json\/wp\/v2\/pages\/2508\/revisions"}],"predecessor-version":[{"id":7477,"href":"https:\/\/cyroi.re\/en\/wp-json\/wp\/v2\/pages\/2508\/revisions\/7477"}],"wp:attachment":[{"href":"https:\/\/cyroi.re\/en\/wp-json\/wp\/v2\/media?parent=2508"}],"curies":[{"name":"wp","href":"https:\/\/api.w.org\/{rel}","templated":true}]}}