{"id":2422,"date":"2024-07-29T07:17:14","date_gmt":"2024-07-29T06:17:14","guid":{"rendered":"https:\/\/cyroi.re\/?page_id=2422"},"modified":"2025-08-28T13:36:11","modified_gmt":"2025-08-28T12:36:11","slug":"comite-dethique","status":"publish","type":"page","link":"https:\/\/cyroi.re\/en\/comite-dethique\/","title":{"rendered":"Comit\u00e9 d&rsquo;\u00e9thique"},"content":{"rendered":"<div data-elementor-type=\"wp-page\" data-elementor-id=\"2422\" class=\"elementor elementor-2422\" data-elementor-post-type=\"page\">\n\t\t\t\t\t\t<section class=\"elementor-section elementor-top-section elementor-element elementor-element-0565ef4 elementor-section-full_width elementor-section-height-min-height elementor-section-stretched elementor-section-height-default elementor-section-items-middle\" data-id=\"0565ef4\" data-element_type=\"section\" data-settings=\"{&quot;stretch_section&quot;:&quot;section-stretched&quot;,&quot;background_background&quot;:&quot;classic&quot;}\">\n\t\t\t\t\t\t\t<div class=\"elementor-background-overlay\"><\/div>\n\t\t\t\t\t\t\t<div class=\"elementor-container elementor-column-gap-default\">\n\t\t\t\t\t<div class=\"elementor-column elementor-col-100 elementor-top-column elementor-element elementor-element-4334daf\" data-id=\"4334daf\" data-element_type=\"column\">\n\t\t\t<div class=\"elementor-widget-wrap elementor-element-populated\">\n\t\t\t\t\t\t<div class=\"elementor-element elementor-element-158ff12 elementor-widget__width-initial elementor-widget elementor-widget-heading\" data-id=\"158ff12\" data-element_type=\"widget\" data-widget_type=\"heading.default\">\n\t\t\t\t<div class=\"elementor-widget-container\">\n\t\t\t\t\t<h2 class=\"elementor-heading-title elementor-size-default\">Garantir une recherche innovante et responsable, dans le respect du bien-\u00eatre animal<\/h2>\t\t\t\t<\/div>\n\t\t\t\t<\/div>\n\t\t\t\t\t<\/div>\n\t\t<\/div>\n\t\t\t\t\t<\/div>\n\t\t<\/section>\n\t\t<div class=\"elementor-element elementor-element-67b7ed8 e-flex e-con-boxed e-con e-parent\" data-id=\"67b7ed8\" data-element_type=\"container\">\n\t\t\t\t\t<div class=\"e-con-inner\">\n\t\t\t\t<div class=\"elementor-element elementor-element-a14bfeb elementor-widget elementor-widget-html\" data-id=\"a14bfeb\" data-element_type=\"widget\" data-widget_type=\"html.default\">\n\t\t\t\t<div class=\"elementor-widget-container\">\n\t\t\t\t\t<!-- Section Comit\u00e9 d'\u00c9thique -->\n<section class=\"section ethique-section fade-in\" style=\"padding: 80px 0 150px; position: relative; background-color: white;\">\n    <div class=\"container\">\n        <div class=\"section-header\" style=\"text-align: center; margin-bottom: 50px;\" data-aos=\"fade-up\">\n            <h2 style=\"color: var(--bleu-nuit); font-family: 'Raleway', sans-serif; font-weight: 700; font-size: 2.5rem; margin-bottom: 20px;\">Le Comit\u00e9 d'\u00c9thique<\/h2>\n        <\/div>\n        \n        <div class=\"ethique-content\" style=\"display: flex; flex-wrap: wrap; align-items: flex-start; gap: 40px;\">\n            <div class=\"ethique-text\" style=\"flex: 1; min-width: 300px;\" data-aos=\"fade-right\">\n                <p style=\"margin-bottom: 25px; font-size: 1.05rem; font-family: 'Nunito', sans-serif; line-height: 1.6;\">\n                    Le CYROI dispose \u00e9galement d'un comit\u00e9 d'\u00e9thique garant du bien \u00eatre de l'animal. Tout protocole exp\u00e9rimental utilisant les animaux doit \u00eatre valid\u00e9 et autoris\u00e9 par celui-ci.\n                <\/p>\n                \n                <p style=\"margin-bottom: 20px; font-weight: 600; color: var(--bleu-canard); font-family: 'Nunito', sans-serif;\">\n                    La pr\u00e9paration d'un protocole exp\u00e9rimental doit n\u00e9cessairement prendre en compte les points suivants :\n                <\/p>\n                \n                <ul style=\"list-style-type: none; padding-left: 5px; margin-bottom: 30px;\">\n                    <li style=\"position: relative; padding-left: 25px; margin-bottom: 15px; font-family: 'Nunito', sans-serif;\">\n                        <span style=\"position: absolute; left: 0; color: var(--vert-turquoise); font-size: 1.1rem;\"><i class=\"fas fa-heart\"><\/i><\/span>\n                        S'assurer de la n\u00e9cessit\u00e9 d'utiliser des animaux pour r\u00e9pondre \u00e0 la question pos\u00e9e en \u00e9tudiant au pr\u00e9alable toutes les m\u00e9thodes substitutives envisageables\n                    <\/li>\n                    <li style=\"position: relative; padding-left: 25px; margin-bottom: 15px; font-family: 'Nunito', sans-serif;\">\n                        <span style=\"position: absolute; left: 0; color: var(--vert-turquoise); font-size: 1.1rem;\"><i class=\"fas fa-paw\"><\/i><\/span>\n                        Choisir l'esp\u00e8ce correspondant le mieux aux exp\u00e9riences envisag\u00e9es\n                    <\/li>\n                    <li style=\"position: relative; padding-left: 25px; margin-bottom: 15px; font-family: 'Nunito', sans-serif;\">\n                        <span style=\"position: absolute; left: 0; color: var(--vert-turquoise); font-size: 1.1rem;\"><i class=\"fas fa-chart-line\"><\/i><\/span>\n                        Planifier ses exp\u00e9riences de fa\u00e7on \u00e0 r\u00e9duire au maximum le nombre d'animaux utilis\u00e9s\n                    <\/li>\n                    <li style=\"position: relative; padding-left: 25px; margin-bottom: 15px; font-family: 'Nunito', sans-serif;\">\n                        <span style=\"position: absolute; left: 0; color: var(--vert-turquoise); font-size: 1.1rem;\"><i class=\"fas fa-shield-alt\"><\/i><\/span>\n                        \u00c9liminer les causes de douleur, d'inconfort et de stress de l'animal\n                    <\/li>\n                    <li style=\"position: relative; padding-left: 25px; margin-bottom: 15px; font-family: 'Nunito', sans-serif;\">\n                        <span style=\"position: absolute; left: 0; color: var(--vert-turquoise); font-size: 1.1rem;\"><i class=\"fas fa-home\"><\/i><\/span>\n                        Organiser des conditions d'\u00e9levage respectant au mieux le bien-\u00eatre des animaux\n                    <\/li>\n                <\/ul>\n                \n                <div class=\"president-info\" style=\"background: linear-gradient(135deg, var(--bleu-clair), var(--vert-turquoise)); padding: 25px; border-radius: 15px; margin-top: 30px; border-left: 4px solid var(--bleu-canard);\">\n                    <h3 style=\"color: var(--bleu-nuit); margin-bottom: 10px; font-family: 'Raleway', sans-serif; font-weight: 600;\">Pr\u00e9sident du comit\u00e9<\/h3>\n                    <p style=\"margin-bottom: 8px; font-weight: 600; color: var(--bleu-nuit); font-family: 'Nunito', sans-serif;\">Imade Ait Arsa<\/p>\n                    <a href=\"mailto:i.aitarsa@cyroi.fr\" class=\"contact-btn\" style=\"color: var(--bleu-nuit); text-decoration: none; font-weight: 500; display: inline-flex; align-items: center; gap: 8px; font-family: 'Nunito', sans-serif;\">\n                        <i class=\"fas fa-envelope\"><\/i> i.aitarsa@cyroi.fr\n                    <\/a>\n                <\/div>\n            <\/div>\n            \n            <div class=\"ethique-image\" style=\"flex: 1; min-width: 300px; display: flex; justify-content: center; align-items: center;\" data-aos=\"fade-left\" data-aos-delay=\"100\">\n                <!-- Image principale repr\u00e9sentant l'\u00e9thique animale -->\n                <div style=\"position: relative; border-radius: 15px; overflow: hidden; box-shadow: 0 15px 40px rgba(28, 28, 104, 0.15); max-width: 350px; width: 100%;\">\n                    <img decoding=\"async\" src=\"https:\/\/cyroi.re\/wp-content\/uploads\/2025\/08\/pexels-1572811165-27616908-scaled.jpg\" alt=\"Bien-\u00eatre animal en recherche\" style=\"width: 100%; display: block; height: 450px; object-fit: cover;\">\n                    \n                    <!-- Overlay avec gradient subtil -->\n                    <div style=\"position: absolute; top: 0; left: 0; right: 0; bottom: 0; background: linear-gradient(45deg, rgba(71, 178, 162, 0.1), rgba(165, 195, 194, 0.1));\"><\/div>\n                <\/div>\n            <\/div>\n        <\/div>\n    <\/div>\n<\/section>\n\n<style>\n    \/* Variables CSS - Charte graphique CYROI *\/\n    :root {\n        --bleu-nuit: #1c1c68;\n        --bleu-canard: #008f98;\n        --bleu-clair: #a5c3c2;\n        --vert-turquoise: #47b2a2;\n        --orange-corail: #f46b53;\n    }\n    \n    \/* Import des polices *\/\n    @import url('https:\/\/fonts.googleapis.com\/css2?family=Raleway:wght@300;400;500;600;700;800&family=Nunito:wght@300;400;500;600;700;800&display=swap');\n    \n    \/* Styles de base *\/\n    .container {\n        max-width: 1200px;\n        margin: 0 auto;\n        padding: 0 20px;\n    }\n    \n    \/* Styles sp\u00e9cifiques pour la section comit\u00e9 d'\u00e9thique *\/\n    .ethique-section {\n        background-color: white;\n        font-family: 'Nunito', sans-serif;\n    }\n    \n    .ethique-section h2 {\n        font-family: 'Raleway', sans-serif;\n    }\n    \n    .contact-btn:hover {\n        color: var(--orange-corail);\n        transform: translateX(5px);\n        transition: all 0.3s ease;\n    }\n    \n    \/* Effet sur l'image principale *\/\n    .ethique-image img {\n        transition: all 0.5s ease;\n    }\n    \n    .ethique-image > div:hover img {\n        transform: scale(1.05);\n    }\n    \n    \/* Animation des puces de liste *\/\n    .ethique-text ul li span i {\n        animation: pulse 2s infinite;\n    }\n    \n    @keyframes pulse {\n        0%, 100% { \n            transform: scale(1); \n        }\n        50% { \n            transform: scale(1.1); \n        }\n    }\n    \n    \/* Media Queries pour le responsive *\/\n    @media screen and (max-width: 992px) {\n        .ethique-content {\n            flex-direction: column;\n        }\n        \n        .ethique-image {\n            max-width: 600px;\n            margin: 0 auto;\n        }\n        \n        .section-header h2 {\n            font-size: 2.2rem;\n        }\n    }\n    \n    @media screen and (max-width: 768px) {\n        .president-info {\n            text-align: center;\n        }\n        \n        .ethique-section {\n            padding: 60px 0 120px;\n        }\n    }\n    \n    @media screen and (max-width: 576px) {\n        .section-header h2 {\n            font-size: 1.8rem;\n        }\n        \n        .ethique-text {\n            padding: 0 10px;\n        }\n    }\n    \n    \/* Styles pour la classe fade-in (si pas encore d\u00e9finie) *\/\n    .fade-in {\n        opacity: 0;\n        transform: translateY(30px);\n        animation: fadeInUp 0.8s ease-out forwards;\n    }\n    \n    @keyframes fadeInUp {\n        to {\n            opacity: 1;\n            transform: translateY(0);\n        }\n    }\n<\/style>\t\t\t\t<\/div>\n\t\t\t\t<\/div>\n\t\t\t\t\t<\/div>\n\t\t\t\t<\/div>\n\t\t\t\t<\/div>","protected":false},"excerpt":{"rendered":"<p>Garantir une recherche innovante et responsable, dans le respect du bien-\u00eatre animal Le Comit\u00e9 d&rsquo;\u00c9thique Le CYROI dispose \u00e9galement d&rsquo;un comit\u00e9 d&rsquo;\u00e9thique garant du bien \u00eatre de l&rsquo;animal. Tout protocole exp\u00e9rimental utilisant les animaux doit \u00eatre valid\u00e9 et autoris\u00e9 par celui-ci. La pr\u00e9paration d&rsquo;un protocole exp\u00e9rimental doit n\u00e9cessairement prendre en compte les points suivants : [&hellip;]<\/p>\n","protected":false},"author":1904,"featured_media":0,"parent":0,"menu_order":0,"comment_status":"closed","ping_status":"closed","template":"","meta":{"_eb_attr":"","footnotes":""},"class_list":["post-2422","page","type-page","status-publish","hentry"],"yoast_head":"<!-- This site is optimized with the Yoast SEO plugin v27.4 - https:\/\/yoast.com\/product\/yoast-seo-wordpress\/ -->\n<title>Comit\u00e9 d&#039;\u00c9thique du CYROI : Garant de l&#039;Int\u00e9grit\u00e9 en Recherche - CYROI<\/title>\n<meta name=\"description\" content=\"D\u00e9couvrez le r\u00f4le du Comit\u00e9 d&#039;\u00e9thique du GIP CYROI, garantissant l&#039;int\u00e9grit\u00e9 et la transparence des recherches en sant\u00e9 et biotechnologies \u00e0 La R\u00e9union.\" \/>\n<meta name=\"robots\" content=\"index, follow, max-snippet:-1, max-image-preview:large, max-video-preview:-1\" \/>\n<link rel=\"canonical\" href=\"https:\/\/cyroi.re\/en\/comite-dethique\/\" \/>\n<meta property=\"og:locale\" content=\"en_US\" \/>\n<meta property=\"og:type\" content=\"article\" \/>\n<meta property=\"og:title\" content=\"Comit\u00e9 d&#039;\u00c9thique du CYROI : Garant de l&#039;Int\u00e9grit\u00e9 en Recherche - CYROI\" \/>\n<meta property=\"og:description\" content=\"D\u00e9couvrez le r\u00f4le du Comit\u00e9 d&#039;\u00e9thique du GIP CYROI, garantissant l&#039;int\u00e9grit\u00e9 et la transparence des recherches en sant\u00e9 et biotechnologies \u00e0 La R\u00e9union.\" \/>\n<meta property=\"og:url\" content=\"https:\/\/cyroi.re\/en\/comite-dethique\/\" \/>\n<meta property=\"og:site_name\" content=\"CYROI\" \/>\n<meta property=\"article:publisher\" content=\"https:\/\/www.facebook.com\/profile.php?id=100066913282100\" \/>\n<meta property=\"article:modified_time\" content=\"2025-08-28T12:36:11+00:00\" \/>\n<meta property=\"og:image\" content=\"https:\/\/cyroi.re\/wp-content\/uploads\/2025\/08\/pexels-1572811165-27616908-scaled.jpg\" \/>\n<meta name=\"twitter:label1\" content=\"Est. reading time\" \/>\n\t<meta name=\"twitter:data1\" content=\"1 minute\" \/>\n<script type=\"application\/ld+json\" class=\"yoast-schema-graph\">{\"@context\":\"https:\\\/\\\/schema.org\",\"@graph\":[{\"@type\":\"WebPage\",\"@id\":\"https:\\\/\\\/cyroi.re\\\/comite-dethique\\\/\",\"url\":\"https:\\\/\\\/cyroi.re\\\/comite-dethique\\\/\",\"name\":\"Comit\u00e9 d'\u00c9thique du CYROI : Garant de l'Int\u00e9grit\u00e9 en Recherche - CYROI\",\"isPartOf\":{\"@id\":\"https:\\\/\\\/cyroi.re\\\/#website\"},\"primaryImageOfPage\":{\"@id\":\"https:\\\/\\\/cyroi.re\\\/comite-dethique\\\/#primaryimage\"},\"image\":{\"@id\":\"https:\\\/\\\/cyroi.re\\\/comite-dethique\\\/#primaryimage\"},\"thumbnailUrl\":\"https:\\\/\\\/cyroi.re\\\/wp-content\\\/uploads\\\/2025\\\/08\\\/pexels-1572811165-27616908-scaled.jpg\",\"datePublished\":\"2024-07-29T06:17:14+00:00\",\"dateModified\":\"2025-08-28T12:36:11+00:00\",\"description\":\"D\u00e9couvrez le r\u00f4le du Comit\u00e9 d'\u00e9thique du GIP CYROI, garantissant l'int\u00e9grit\u00e9 et la transparence des recherches en sant\u00e9 et biotechnologies \u00e0 La R\u00e9union.\",\"breadcrumb\":{\"@id\":\"https:\\\/\\\/cyroi.re\\\/comite-dethique\\\/#breadcrumb\"},\"inLanguage\":\"en-US\",\"potentialAction\":[{\"@type\":\"ReadAction\",\"target\":[\"https:\\\/\\\/cyroi.re\\\/comite-dethique\\\/\"]}]},{\"@type\":\"ImageObject\",\"inLanguage\":\"en-US\",\"@id\":\"https:\\\/\\\/cyroi.re\\\/comite-dethique\\\/#primaryimage\",\"url\":\"https:\\\/\\\/cyroi.re\\\/wp-content\\\/uploads\\\/2025\\\/08\\\/pexels-1572811165-27616908-scaled.jpg\",\"contentUrl\":\"https:\\\/\\\/cyroi.re\\\/wp-content\\\/uploads\\\/2025\\\/08\\\/pexels-1572811165-27616908-scaled.jpg\"},{\"@type\":\"BreadcrumbList\",\"@id\":\"https:\\\/\\\/cyroi.re\\\/comite-dethique\\\/#breadcrumb\",\"itemListElement\":[{\"@type\":\"ListItem\",\"position\":1,\"name\":\"Accueil\",\"item\":\"https:\\\/\\\/cyroi.re\\\/\"},{\"@type\":\"ListItem\",\"position\":2,\"name\":\"Comit\u00e9 d&rsquo;\u00e9thique\"}]},{\"@type\":\"WebSite\",\"@id\":\"https:\\\/\\\/cyroi.re\\\/#website\",\"url\":\"https:\\\/\\\/cyroi.re\\\/\",\"name\":\"CYROI\",\"description\":\"\",\"publisher\":{\"@id\":\"https:\\\/\\\/cyroi.re\\\/#organization\"},\"potentialAction\":[{\"@type\":\"SearchAction\",\"target\":{\"@type\":\"EntryPoint\",\"urlTemplate\":\"https:\\\/\\\/cyroi.re\\\/?s={search_term_string}\"},\"query-input\":{\"@type\":\"PropertyValueSpecification\",\"valueRequired\":true,\"valueName\":\"search_term_string\"}}],\"inLanguage\":\"en-US\"},{\"@type\":\"Organization\",\"@id\":\"https:\\\/\\\/cyroi.re\\\/#organization\",\"name\":\"CYROI\",\"url\":\"https:\\\/\\\/cyroi.re\\\/\",\"logo\":{\"@type\":\"ImageObject\",\"inLanguage\":\"en-US\",\"@id\":\"https:\\\/\\\/cyroi.re\\\/#\\\/schema\\\/logo\\\/image\\\/\",\"url\":\"https:\\\/\\\/cyroi.re\\\/wp-content\\\/uploads\\\/2024\\\/08\\\/Design-sans-titre2.svg\",\"contentUrl\":\"https:\\\/\\\/cyroi.re\\\/wp-content\\\/uploads\\\/2024\\\/08\\\/Design-sans-titre2.svg\",\"width\":375,\"height\":157,\"caption\":\"CYROI\"},\"image\":{\"@id\":\"https:\\\/\\\/cyroi.re\\\/#\\\/schema\\\/logo\\\/image\\\/\"},\"sameAs\":[\"https:\\\/\\\/www.facebook.com\\\/profile.php?id=100066913282100\",\"https:\\\/\\\/x.com\\\/GIP_CYROI\",\"https:\\\/\\\/www.linkedin.com\\\/company\\\/gip-cyroi\"]}]}<\/script>\n<!-- \/ Yoast SEO plugin. -->","yoast_head_json":{"title":"Comit\u00e9 d'\u00c9thique du CYROI : Garant de l'Int\u00e9grit\u00e9 en Recherche - CYROI","description":"D\u00e9couvrez le r\u00f4le du Comit\u00e9 d'\u00e9thique du GIP CYROI, garantissant l'int\u00e9grit\u00e9 et la transparence des recherches en sant\u00e9 et biotechnologies \u00e0 La R\u00e9union.","robots":{"index":"index","follow":"follow","max-snippet":"max-snippet:-1","max-image-preview":"max-image-preview:large","max-video-preview":"max-video-preview:-1"},"canonical":"https:\/\/cyroi.re\/en\/comite-dethique\/","og_locale":"en_US","og_type":"article","og_title":"Comit\u00e9 d'\u00c9thique du CYROI : Garant de l'Int\u00e9grit\u00e9 en Recherche - CYROI","og_description":"D\u00e9couvrez le r\u00f4le du Comit\u00e9 d'\u00e9thique du GIP CYROI, garantissant l'int\u00e9grit\u00e9 et la transparence des recherches en sant\u00e9 et biotechnologies \u00e0 La R\u00e9union.","og_url":"https:\/\/cyroi.re\/en\/comite-dethique\/","og_site_name":"CYROI","article_publisher":"https:\/\/www.facebook.com\/profile.php?id=100066913282100","article_modified_time":"2025-08-28T12:36:11+00:00","og_image":[{"url":"https:\/\/cyroi.re\/wp-content\/uploads\/2025\/08\/pexels-1572811165-27616908-scaled.jpg","type":"","width":"","height":""}],"twitter_misc":{"Est. reading time":"1 minute"},"schema":{"@context":"https:\/\/schema.org","@graph":[{"@type":"WebPage","@id":"https:\/\/cyroi.re\/comite-dethique\/","url":"https:\/\/cyroi.re\/comite-dethique\/","name":"Comit\u00e9 d'\u00c9thique du CYROI : Garant de l'Int\u00e9grit\u00e9 en Recherche - CYROI","isPartOf":{"@id":"https:\/\/cyroi.re\/#website"},"primaryImageOfPage":{"@id":"https:\/\/cyroi.re\/comite-dethique\/#primaryimage"},"image":{"@id":"https:\/\/cyroi.re\/comite-dethique\/#primaryimage"},"thumbnailUrl":"https:\/\/cyroi.re\/wp-content\/uploads\/2025\/08\/pexels-1572811165-27616908-scaled.jpg","datePublished":"2024-07-29T06:17:14+00:00","dateModified":"2025-08-28T12:36:11+00:00","description":"D\u00e9couvrez le r\u00f4le du Comit\u00e9 d'\u00e9thique du GIP CYROI, garantissant l'int\u00e9grit\u00e9 et la transparence des recherches en sant\u00e9 et biotechnologies \u00e0 La R\u00e9union.","breadcrumb":{"@id":"https:\/\/cyroi.re\/comite-dethique\/#breadcrumb"},"inLanguage":"en-US","potentialAction":[{"@type":"ReadAction","target":["https:\/\/cyroi.re\/comite-dethique\/"]}]},{"@type":"ImageObject","inLanguage":"en-US","@id":"https:\/\/cyroi.re\/comite-dethique\/#primaryimage","url":"https:\/\/cyroi.re\/wp-content\/uploads\/2025\/08\/pexels-1572811165-27616908-scaled.jpg","contentUrl":"https:\/\/cyroi.re\/wp-content\/uploads\/2025\/08\/pexels-1572811165-27616908-scaled.jpg"},{"@type":"BreadcrumbList","@id":"https:\/\/cyroi.re\/comite-dethique\/#breadcrumb","itemListElement":[{"@type":"ListItem","position":1,"name":"Accueil","item":"https:\/\/cyroi.re\/"},{"@type":"ListItem","position":2,"name":"Comit\u00e9 d&rsquo;\u00e9thique"}]},{"@type":"WebSite","@id":"https:\/\/cyroi.re\/#website","url":"https:\/\/cyroi.re\/","name":"CYROI","description":"","publisher":{"@id":"https:\/\/cyroi.re\/#organization"},"potentialAction":[{"@type":"SearchAction","target":{"@type":"EntryPoint","urlTemplate":"https:\/\/cyroi.re\/?s={search_term_string}"},"query-input":{"@type":"PropertyValueSpecification","valueRequired":true,"valueName":"search_term_string"}}],"inLanguage":"en-US"},{"@type":"Organization","@id":"https:\/\/cyroi.re\/#organization","name":"CYROI","url":"https:\/\/cyroi.re\/","logo":{"@type":"ImageObject","inLanguage":"en-US","@id":"https:\/\/cyroi.re\/#\/schema\/logo\/image\/","url":"https:\/\/cyroi.re\/wp-content\/uploads\/2024\/08\/Design-sans-titre2.svg","contentUrl":"https:\/\/cyroi.re\/wp-content\/uploads\/2024\/08\/Design-sans-titre2.svg","width":375,"height":157,"caption":"CYROI"},"image":{"@id":"https:\/\/cyroi.re\/#\/schema\/logo\/image\/"},"sameAs":["https:\/\/www.facebook.com\/profile.php?id=100066913282100","https:\/\/x.com\/GIP_CYROI","https:\/\/www.linkedin.com\/company\/gip-cyroi"]}]}},"_links":{"self":[{"href":"https:\/\/cyroi.re\/en\/wp-json\/wp\/v2\/pages\/2422","targetHints":{"allow":["GET"]}}],"collection":[{"href":"https:\/\/cyroi.re\/en\/wp-json\/wp\/v2\/pages"}],"about":[{"href":"https:\/\/cyroi.re\/en\/wp-json\/wp\/v2\/types\/page"}],"author":[{"embeddable":true,"href":"https:\/\/cyroi.re\/en\/wp-json\/wp\/v2\/users\/1904"}],"replies":[{"embeddable":true,"href":"https:\/\/cyroi.re\/en\/wp-json\/wp\/v2\/comments?post=2422"}],"version-history":[{"count":9,"href":"https:\/\/cyroi.re\/en\/wp-json\/wp\/v2\/pages\/2422\/revisions"}],"predecessor-version":[{"id":6797,"href":"https:\/\/cyroi.re\/en\/wp-json\/wp\/v2\/pages\/2422\/revisions\/6797"}],"wp:attachment":[{"href":"https:\/\/cyroi.re\/en\/wp-json\/wp\/v2\/media?parent=2422"}],"curies":[{"name":"wp","href":"https:\/\/api.w.org\/{rel}","templated":true}]}}